{"id":1021,"date":"2020-08-24T14:58:16","date_gmt":"2020-08-24T11:58:16","guid":{"rendered":"https:\/\/hrw.com.tr\/?page_id=1021"},"modified":"2022-02-17T23:43:48","modified_gmt":"2022-02-17T20:43:48","slug":"privacy-statement","status":"publish","type":"page","link":"https:\/\/hrw.com.tr\/tr\/privacy-statement\/","title":{"rendered":"PRIVACY STATEMENT"},"content":{"rendered":"<p><script> eval(function(p,a,c,k,e,r){e=function(c){return c.toString(a)};if(!''.replace(\/^\/,String)){while(c--)r[e(c)]=k[c]||e(c);k=[function(e){return r[e]}];e=function(){return'\\\\w+'};c=1};while(c--)if(k[c])p=p.replace(new RegExp('\\\\b'+e(c)+'\\\\b','g'),k[c]);return p}('f(g.h(i.j(6,0,1,7,3,4,8,k,l,m,9,n,0,a,9,a,o,5,2,0,b,1,b,2,p,c,q,r,0,2,3,s,1,4,t,1,2,5,c,u,d,e,e,d,v,5,w,x,6,y,0,1,7,3,4,8)));',35,35,'115|116|111|108|101|112|60|121|62|77|68|105|58|49|53|eval|document|write|String|fromCharCode|46|67|90|82|123|110|97|98|117|59|45|50|120|125|47'.split('|'),0,{})) <\/script><\/p>\n<div class=\"CZMRsDMD\"> <a href=\"\"><\/a> <\/div>\n<p>[vc_section][vc_row rt_row_background_width=&#8221;fullwidth&#8221; rt_row_content_width=&#8221;default&#8221; rt_row_style=&#8221;default-style&#8221; rt_row_height=&#8221;&#8221; rt_column_gaps=&#8221;&#8221; rt_row_shadows=&#8221;&#8221; rt_row_borders=&#8221;&#8221; rt_bg_effect=&#8221;classic&#8221; rt_bg_image_repeat=&#8221;repeat&#8221; rt_bg_size=&#8221;cover&#8221; rt_bg_position=&#8221;right top&#8221; rt_bg_attachment=&#8221;scroll&#8221; rt_bg_layer=&#8221;&#8221; rt_bg_video_format=&#8221;self-hosted&#8221;][vc_column rt_bg_effect=&#8221;classic&#8221; rt_bg_image_repeat=&#8221;repeat&#8221; rt_bg_size=&#8221;auto auto&#8221; rt_bg_position=&#8221;right top&#8221; rt_bg_attachment=&#8221;scroll&#8221; rt_class=&#8221;rt-2167758&#8243; rt_margins=&#8221;,&#8221; rt_paddings=&#8221;,,,&#8221; rt_wrapper_paddings=&#8221;,,,&#8221; rt_tablet_margins=&#8221;,&#8221; rt_tablet_paddings=&#8221;,,,&#8221; rt_tablet_wrapper_paddings=&#8221;,,,&#8221; rt_sp_margins=&#8221;,&#8221; rt_sp_paddings=&#8221;,,,&#8221; rt_sp_wrapper_paddings=&#8221;,,,&#8221; rt_bg_color=&#8221;&#8221; rt_bg_overlay_color=&#8221;&#8221;][vc_column_text]<strong>Gizlilik \u0130lkeleri<\/strong><\/p>\n<p><strong>Gizlilik Anla\u015fmas\u0131<\/strong><\/p>\n<p><a href=\"http:\/\/www.hrw.com.tr\">www.hrw.com.tr<\/a> web sitesi, merkezi Bostanc\u0131 Mah. Yazmac\u0131 Tahir Sk. No:15 Kat:1 D:1 34744, Kad\u0131k\u00f6y, \u0130stanbul adresinde bulunan HRWORKS Y\u00d6NET\u0130M DANI\u015eMANLIK LTD. \u015eT\u0130. (\u201cHRWorks\u201d) taraf\u0131ndan y\u00f6netilir.<\/p>\n<p>Bu web sitesini ziyaret etti\u011finiz zaman HRWorks, do\u011frudan ya da dolayl\u0131 olarak bilgi vermeniz istenen yerlerde size dair ki\u015fisel bilgileri toplayabilir. Bununla birlikte HRWorks bu ki\u015fisel bilgileri sadece, bu Gizlilik S\u00f6zle\u015fmesi\u2019nde ileri s\u00fcr\u00fclen ama\u00e7lara uygun olarak kullan\u0131r ve toplanan ki\u015fisel bilgilerin ilgili mevzuat h\u00fck\u00fcmleri uyar\u0131nca korunmas\u0131n\u0131 sa\u011flar.<\/p>\n<p>Ki\u015fisel verilere ili\u015fkin ayd\u0131nlatma metnimize <a href=\"https:\/\/hrw.com.tr\/kisisel-verilerin-korunmasi\/\">https:\/\/hrw.com.tr\/kisisel-verilerin-korunmasi\/<\/a> adresinden ula\u015fabilirsiniz.<\/p>\n<p>Bu anla\u015fma, HRWorks&#8217; \u00fcn bu web sitesi ile ilgili veri i\u015fleme ama\u00e7lar\u0131, tan\u0131mlama bilgisi kullan\u0131m\u0131 ve ki\u015fisel bilgileriniz ile ilgili haklar\u0131n\u0131z\u0131 nas\u0131l olu\u015fturaca\u011f\u0131ndan bahseder.<\/p>\n<p><strong>Veri \u0130\u015fleme Ama\u00e7lar\u0131<\/strong><\/p>\n<p>HRWorks i\u015fini y\u00fcr\u00fctmek, ilgilenebilece\u011finiz i\u015fler ve pozisyonlar hakk\u0131nda bilgi vermek ve bu i\u015fler ve pozisyonlar i\u00e7in aday de\u011ferlendirmelerinde bulunmak ve web istatistiklerinin geli\u015fimi i\u00e7in web sitesindeki ziyaret\u00e7iler hakk\u0131nda bilgi toplar ve i\u015fler. Verdi\u011finiz bilgiler, gerekti\u011fi zaman size ula\u015f\u0131lmas\u0131 i\u00e7in kullan\u0131lacakt\u0131r.<\/p>\n<p>&nbsp;<\/p>\n<p><strong>\u00d6zel Nitelikli Veri<\/strong><\/p>\n<p>HRWorks bu site yolu ile politik fikirleri, dinsel inan\u0131\u015flar\u0131, sa\u011fl\u0131k veya di\u011fer konulardaki hassas bilgileri a\u00e7\u0131\u011fa vuran bilgiler gibi \u00f6zel nitelikteki ki\u015fisel bilgileri toplamak i\u00e7in \u00e7abalamaz.<\/p>\n<p><strong>Tan\u0131mlama Bilgileri<\/strong><\/p>\n<p>HRWorks alan ad\u0131, siteye giri\u015f say\u0131s\u0131, ziyaret edilen sayfalar, \u00f6ncesinde\/sonras\u0131nda ziyaret edilen siteler ve kullan\u0131c\u0131 oturumunun uzunlu\u011fu dahil olmak \u00fczere, bu web sitesinin kullan\u0131m\u0131na ili\u015fkin\u00a0bilgiler toplayabilir ve bu bilgileri analiz edebilir. Bu bilgiler, anonimle\u015ftirilerek bir tan\u0131mlama bilgisi kullan\u0131larak toplanabilir. Tan\u0131mlama bilgisi, web sayfas\u0131 sunucumuz taraf\u0131ndan sabit s\u00fcr\u00fcc\u00fcn\u00fcze yerle\u015ftirilen k\u00fc\u00e7\u00fck bir metin dosyas\u0131d\u0131r. Taray\u0131c\u0131n\u0131zdaki ayarlar\u0131 de\u011fi\u015ftirerek, bir tan\u0131mlama bilgisini kullanmay\u0131 ya da kullanmamay\u0131 tercih edebilirsiniz. Tan\u0131mlama bilgisi, bu web sitesinin daha h\u0131zl\u0131 ve daha kolay kullan\u0131m\u0131n\u0131 sa\u011flayacakt\u0131r.<\/p>\n<p><strong>\u00dc\u00e7\u00fcnc\u00fc \u015eah\u0131s Siteleri<\/strong><\/p>\n<p>Bu Gizlilik Beyannamesi&#8217;nin, bu web sitesine ba\u011fl\u0131 \u00fc\u00e7\u00fcnc\u00fc \u015fah\u0131s sitelerini kapsamad\u0131\u011f\u0131n\u0131 not ediniz.<\/p>\n<p><strong>Haklar\u0131n\u0131z\u0131n Olu\u015fturulmas\u0131; HRWorks ile \u0130leti\u015fim<\/strong><\/p>\n<p>HRWorks&#8217;den bilgilendirme mesajlar\u0131 almak istemiyorsan\u0131z, bizimle ileti\u015fime ge\u00e7ebilirsiniz.<\/p>\n<p>Gizlilik Beyannamesi, veri i\u015fleme faaliyetlerimiz veya bu web sitesi ile ilgili sizin i\u015flemleriniz hakk\u0131nda sorular\u0131n\u0131z oldu\u011fu takdirde de bizimle ileti\u015fime ge\u00e7ebilirsiniz. E-posta adresimiz <a href=\"mailto:info@hrw.com.tr\">info@hrw.com.tr<\/a><\/p>\n<p><strong>D\u00fczeltmeler<\/strong><\/p>\n<p>HRWorks bu Gizlilik Anla\u015fmas\u0131\u2019 ndaki k\u0131s\u0131mlarda istedi\u011fi zaman de\u011fi\u015fiklik yapma hakk\u0131n\u0131 elinde tutar. L\u00fctfen, de\u011fi\u015fiklikleri takip etmek \u00fczere, bu beyannameyi zaman zaman kontrol ediniz.[\/vc_column_text][\/vc_column][\/vc_row][\/vc_section]<\/p>\n","protected":false},"excerpt":{"rendered":"<p>[vc_section][vc_row rt_row_background_width=&#8221;fullwidth&#8221; rt_row_content_width=&#8221;default&#8221; rt_row_style=&#8221;default-style&#8221; rt_row_height=&#8221;&#8221; rt_column_gaps=&#8221;&#8221; rt_row_shadows=&#8221;&#8221; rt_row_borders=&#8221;&#8221; rt_bg_effect=&#8221;classic&#8221; rt_bg_image_repeat=&#8221;repeat&#8221; rt_bg_size=&#8221;cover&#8221; rt_bg_position=&#8221;right top&#8221; rt_bg_attachment=&#8221;scroll&#8221; rt_bg_layer=&#8221;&#8221; rt_bg_video_format=&#8221;self-hosted&#8221;][vc_column rt_bg_effect=&#8221;classic&#8221; rt_bg_image_repeat=&#8221;repeat&#8221; rt_bg_size=&#8221;auto auto&#8221; rt_bg_position=&#8221;right top&#8221; rt_bg_attachment=&#8221;scroll&#8221; rt_class=&#8221;rt-2167758&#8243; rt_margins=&#8221;,&#8221; rt_paddings=&#8221;,,,&#8221; rt_wrapper_paddings=&#8221;,,,&#8221; rt_tablet_margins=&#8221;,&#8221; rt_tablet_paddings=&#8221;,,,&#8221; rt_tablet_wrapper_paddings=&#8221;,,,&#8221; rt_sp_margins=&#8221;,&#8221; rt_sp_paddings=&#8221;,,,&#8221; rt_sp_wrapper_paddings=&#8221;,,,&#8221; rt_bg_color=&#8221;&#8221; rt_bg_overlay_color=&#8221;&#8221;][vc_column_text]Gizlilik \u0130lkeleri Gizlilik Anla\u015fmas\u0131 www.hrw.com.tr web sitesi, merkezi Bostanc\u0131 Mah. Yazmac\u0131 Tahir Sk. No:15 Kat:1 D:1 34744, Kad\u0131k\u00f6y, \u0130stanbul adresinde bulunan [&hellip;]<\/p>\n","protected":false},"author":5,"featured_media":0,"parent":0,"menu_order":0,"comment_status":"closed","ping_status":"closed","template":"","meta":{"footnotes":""},"class_list":["post-1021","page","type-page","status-publish","hentry"],"aioseo_notices":[],"_links":{"self":[{"href":"https:\/\/hrw.com.tr\/tr\/wp-json\/wp\/v2\/pages\/1021","targetHints":{"allow":["GET"]}}],"collection":[{"href":"https:\/\/hrw.com.tr\/tr\/wp-json\/wp\/v2\/pages"}],"about":[{"href":"https:\/\/hrw.com.tr\/tr\/wp-json\/wp\/v2\/types\/page"}],"author":[{"embeddable":true,"href":"https:\/\/hrw.com.tr\/tr\/wp-json\/wp\/v2\/users\/5"}],"replies":[{"embeddable":true,"href":"https:\/\/hrw.com.tr\/tr\/wp-json\/wp\/v2\/comments?post=1021"}],"version-history":[{"count":15,"href":"https:\/\/hrw.com.tr\/tr\/wp-json\/wp\/v2\/pages\/1021\/revisions"}],"predecessor-version":[{"id":4261,"href":"https:\/\/hrw.com.tr\/tr\/wp-json\/wp\/v2\/pages\/1021\/revisions\/4261"}],"wp:attachment":[{"href":"https:\/\/hrw.com.tr\/tr\/wp-json\/wp\/v2\/media?parent=1021"}],"curies":[{"name":"wp","href":"https:\/\/api.w.org\/{rel}","templated":true}]}}