{"id":6192,"date":"2025-05-06T11:50:34","date_gmt":"2025-05-06T08:50:34","guid":{"rendered":"https:\/\/hrw.com.tr\/?page_id=6192"},"modified":"2025-05-13T11:34:30","modified_gmt":"2025-05-13T08:34:30","slug":"aydinlatma-metni","status":"publish","type":"page","link":"https:\/\/hrw.com.tr\/tr\/aydinlatma-metni\/","title":{"rendered":"Aydinlatma Metni"},"content":{"rendered":"<p>[vc_row rt_row_background_width=&#8221;fullwidth&#8221; rt_row_content_width=&#8221;default&#8221; rt_row_style=&#8221;default-style&#8221; rt_row_height=&#8221;&#8221; rt_column_gaps=&#8221;&#8221; rt_row_shadows=&#8221;&#8221; rt_row_borders=&#8221;&#8221; rt_bg_effect=&#8221;classic&#8221; rt_bg_image_repeat=&#8221;repeat&#8221; rt_bg_size=&#8221;cover&#8221; rt_bg_position=&#8221;right top&#8221; rt_bg_attachment=&#8221;scroll&#8221; rt_bg_layer=&#8221;&#8221; rt_bg_video_format=&#8221;self-hosted&#8221; rt_class=&#8221;rt-8345227&#8243; class=&#8221;metinler&#8221;][vc_column rt_bg_effect=&#8221;classic&#8221; rt_bg_image_repeat=&#8221;repeat&#8221; rt_bg_size=&#8221;auto auto&#8221; rt_bg_position=&#8221;right top&#8221; rt_bg_attachment=&#8221;scroll&#8221;][vc_column_text]<\/p>\n<h2>\u0130LET\u0130\u015e\u0130M FORMU \u0130LE TALEP\/\u015e\u0130KAYET\/G\u00d6R\u00dc\u015e\/\u00d6NER\u0130LER\u0130N\u0130 \u0130LETEN VER\u0130 SAH\u0130PLER\u0130 \u0130\u00c7\u0130N K\u0130\u015e\u0130SEL VER\u0130LER\u0130N \u0130\u015eLENMES\u0130NE DA\u0130R AYDINLATMA METN\u0130<\/h2>\n<p>\u0130\u015fbu Ayd\u0131nlatma Metni 6698 say\u0131l\u0131 Ki\u015fisel Verilerin Korunmas\u0131 Kanunu (\u201cKVKK\u201d) ve Ayd\u0131nlatma Y\u00fck\u00fcml\u00fcl\u00fc\u011f\u00fcn\u00fcn Yerine Getirilmesinde Uyulacak Usul ve Esaslar Hakk\u0131nda Tebli\u011f kapsam\u0131nda Barbaros Mahallesi Mor S\u00fcmb\u00fcl Sokak Nidakule Blok No:7\/3F \u0130\u00e7 Kap\u0131 No:12 34758 Ata\u015fehir \u0130stanbul adresinde mukim HRWORKS Y\u00f6netim Dan\u0131\u015fmanl\u0131k Limited \u015eirketi taraf\u0131ndan Veri Sorumlusu s\u0131fat\u0131yla haz\u0131rlanm\u0131\u015f ve sizlere sunulmu\u015ftur.<\/p>\n<p><strong>K\u0130\u015e\u0130SEL VER\u0130LER\u0130N \u0130\u015eLENME AMACI<\/strong><\/p>\n<p>\u015eirketimize ait\u00a0<a href=\"https:\/\/hrw.com.tr\/tr\/\">https:\/\/hrw.com.tr\/tr\/<\/a> adresinde bulunan \u201c\u0130leti\u015fim\u201d sekmesindeki ileti\u015fim formunun doldurulup iletilmesi suretiyle taraf\u0131n\u0131zdan toplanan Kimlik (Ad-Soyad), \u0130leti\u015fim (E-posta, Telefon), Mesaj \u0130\u00e7eri\u011fi verileriniz iletmi\u015f oldu\u011funuz Talep \/ \u015eikayet \/ G\u00f6r\u00fc\u015f \/ \u00d6nerilerinizle ilgili sizlerle ileti\u015fim kurulmas\u0131, takibinin sa\u011flanmas\u0131 amac\u0131yla (Talep ve \u015eikayetlerin Takibi) hukuka ve d\u00fcr\u00fcstl\u00fck kurallar\u0131na, i\u015flendikleri ama\u00e7la ba\u011flant\u0131l\u0131, s\u0131n\u0131rl\u0131 ve \u00f6l\u00e7\u00fcl\u00fc, ilgili mevzuatta \u00f6ng\u00f6r\u00fclen veya i\u015flendikleri ama\u00e7 i\u00e7in gerekli olan s\u00fcre kadar muhafaza edilme ilkelerine uygun olarak \u015eirketimiz taraf\u0131ndan i\u015flenecektir.<\/p>\n<p><strong>K\u0130\u015e\u0130SEL VER\u0130LER\u0130N TOPLANMA Y\u00d6NTEM\u0130 ve HUKUK\u0130 SEBEB\u0130<\/strong><\/p>\n<p>\u0130\u015fbu Ayd\u0131nlatma Metninde belirtilen ki\u015fisel verileriniz \u015eirketimize ait\u00a0<a href=\"https:\/\/hrw.com.tr\/tr\/\">https:\/\/hrw.com.tr\/tr\/<\/a> internet adresi arac\u0131l\u0131\u011f\u0131yla elektronik ortamda toplanmakta ve ki\u015fisel veri i\u015flemenin me\u015fru menfaatimiz i\u00e7in zorunlu olmas\u0131 hukuki sebebine dayal\u0131 olarak tamamen ya da k\u0131smen otomatik yolla i\u015flenmektedir.<\/p>\n<p><strong>K\u0130\u015e\u0130SEL VER\u0130LEN AKTARILMASI<\/strong><\/p>\n<p>S\u00f6z konusu ki\u015fisel verileriniz \u015eirketimiz taraf\u0131ndan sadece yukar\u0131da belirtilen ama\u00e7 dahilinde i\u015flenmekte, ki\u015fisel verileriniz \u00fc\u00e7\u00fcnc\u00fc ki\u015filere kesinlikle aktar\u0131lmamakta \/ payla\u015f\u0131lmamaktad\u0131r.<\/p>\n<p><strong>K\u0130\u015e\u0130SEL VER\u0130LER\u0130N S\u0130L\u0130NMES\u0130, YOK ED\u0130LMES\u0130 VEYA ANON\u0130M HALE GET\u0130R\u0130LMES\u0130<\/strong><\/p>\n<p>KVKK\u2019n\u0131n 7. maddesi uyar\u0131nca, ki\u015fisel verilerinizin ilgili mevzuata uygun olarak i\u015flenmi\u015f olmas\u0131na ra\u011fmen, i\u015flenmesini gerektiren sebeplerin ortadan kalkmas\u0131 halinde ki\u015fisel verileriniz re\u2019sen veya talebiniz \u00fczerine \u015eirketimiz taraf\u0131ndan silinir, yok edilir veya anonim hale getirilir. Bu hususa ili\u015fkin usul ve esaslar KVKK ve 28.10.2017 tarihli ve 30224 say\u0131l\u0131 Resmi Gazete\u2019de yay\u0131nlanan Ki\u015fisel Verilerin Silinmesi, Yok Edilmesi veya Anonim Hale Getirilmesi Hakk\u0131nda Y\u00f6netmelik\u2019e g\u00f6re yerine getirilecektir.<\/p>\n<p>Ki\u015fisel verileriniz, \u015eirketimiz taraf\u0131ndan silme, yok etme veya anonim hale getirme y\u00fck\u00fcml\u00fcl\u00fc\u011f\u00fcm\u00fcz\u00fcn ortaya \u00e7\u0131kt\u0131\u011f\u0131 tarihi takip eden 6 (alt\u0131) ay i\u00e7erisinde silinir, yok edilir veya anonim hale getirilir.<\/p>\n<p><strong>K\u0130\u015e\u0130SEL VER\u0130LER\u0130N KORUNMASI KANUNU\u2019NDAN DO\u011eAN HAKLARINIZ<\/strong><\/p>\n<p>Ki\u015fisel veri sahibi olarak sizler KVKK\u2019n\u0131n 11. Maddesinde belirtilen haklara sahipsiniz. S\u00f6z konusu haklar\u0131n\u0131z\u0131\u00a0Veri Sorumlusuna Ba\u015fvuru Usul ve Esaslar\u0131 Hakk\u0131nda Tebli\u011f\u2019e uygun \u015fekilde Barbaros Mahallesi Mor S\u00fcmb\u00fcl Sokak Nidakule Blok No:7\/3F \u0130\u00e7 Kap\u0131 No:12 34758 Ata\u015fehir \u0130stanbul adresine yaz\u0131l\u0131 olarak iletmek suretiyle\u00a0kullan\u0131labilirsiniz.[\/vc_column_text][\/vc_column][\/vc_row]<\/p>\n","protected":false},"excerpt":{"rendered":"<p>[vc_row rt_row_background_width=&#8221;fullwidth&#8221; rt_row_content_width=&#8221;default&#8221; rt_row_style=&#8221;default-style&#8221; rt_row_height=&#8221;&#8221; rt_column_gaps=&#8221;&#8221; rt_row_shadows=&#8221;&#8221; rt_row_borders=&#8221;&#8221; rt_bg_effect=&#8221;classic&#8221; rt_bg_image_repeat=&#8221;repeat&#8221; rt_bg_size=&#8221;cover&#8221; rt_bg_position=&#8221;right top&#8221; rt_bg_attachment=&#8221;scroll&#8221; rt_bg_layer=&#8221;&#8221; rt_bg_video_format=&#8221;self-hosted&#8221; rt_class=&#8221;rt-8345227&#8243; class=&#8221;metinler&#8221;][vc_column rt_bg_effect=&#8221;classic&#8221; rt_bg_image_repeat=&#8221;repeat&#8221; rt_bg_size=&#8221;auto auto&#8221; rt_bg_position=&#8221;right top&#8221; rt_bg_attachment=&#8221;scroll&#8221;][vc_column_text] \u0130LET\u0130\u015e\u0130M FORMU \u0130LE TALEP\/\u015e\u0130KAYET\/G\u00d6R\u00dc\u015e\/\u00d6NER\u0130LER\u0130N\u0130 \u0130LETEN VER\u0130 SAH\u0130PLER\u0130 \u0130\u00c7\u0130N K\u0130\u015e\u0130SEL VER\u0130LER\u0130N \u0130\u015eLENMES\u0130NE DA\u0130R AYDINLATMA METN\u0130 \u0130\u015fbu Ayd\u0131nlatma Metni 6698 say\u0131l\u0131 Ki\u015fisel Verilerin Korunmas\u0131 Kanunu (\u201cKVKK\u201d) ve Ayd\u0131nlatma Y\u00fck\u00fcml\u00fcl\u00fc\u011f\u00fcn\u00fcn Yerine Getirilmesinde Uyulacak [&hellip;]<\/p>\n","protected":false},"author":5,"featured_media":0,"parent":0,"menu_order":0,"comment_status":"closed","ping_status":"closed","template":"","meta":{"footnotes":""},"class_list":["post-6192","page","type-page","status-publish","hentry"],"aioseo_notices":[],"_links":{"self":[{"href":"https:\/\/hrw.com.tr\/tr\/wp-json\/wp\/v2\/pages\/6192","targetHints":{"allow":["GET"]}}],"collection":[{"href":"https:\/\/hrw.com.tr\/tr\/wp-json\/wp\/v2\/pages"}],"about":[{"href":"https:\/\/hrw.com.tr\/tr\/wp-json\/wp\/v2\/types\/page"}],"author":[{"embeddable":true,"href":"https:\/\/hrw.com.tr\/tr\/wp-json\/wp\/v2\/users\/5"}],"replies":[{"embeddable":true,"href":"https:\/\/hrw.com.tr\/tr\/wp-json\/wp\/v2\/comments?post=6192"}],"version-history":[{"count":6,"href":"https:\/\/hrw.com.tr\/tr\/wp-json\/wp\/v2\/pages\/6192\/revisions"}],"predecessor-version":[{"id":6266,"href":"https:\/\/hrw.com.tr\/tr\/wp-json\/wp\/v2\/pages\/6192\/revisions\/6266"}],"wp:attachment":[{"href":"https:\/\/hrw.com.tr\/tr\/wp-json\/wp\/v2\/media?parent=6192"}],"curies":[{"name":"wp","href":"https:\/\/api.w.org\/{rel}","templated":true}]}}