{"id":6198,"date":"2025-05-06T11:55:15","date_gmt":"2025-05-06T08:55:15","guid":{"rendered":"https:\/\/hrw.com.tr\/?page_id=6198"},"modified":"2025-05-13T11:28:44","modified_gmt":"2025-05-13T08:28:44","slug":"calisan-adayi-aydinlatma-metni","status":"publish","type":"page","link":"https:\/\/hrw.com.tr\/tr\/calisan-adayi-aydinlatma-metni\/","title":{"rendered":"\u00c7al\u0131\u015fan Aday\u0131 Ayd\u0131nlatma Metni"},"content":{"rendered":"<p>[vc_row rt_row_background_width=&#8221;fullwidth&#8221; rt_row_content_width=&#8221;default&#8221; rt_row_style=&#8221;default-style&#8221; rt_row_height=&#8221;&#8221; rt_column_gaps=&#8221;&#8221; rt_row_shadows=&#8221;&#8221; rt_row_borders=&#8221;&#8221; rt_bg_effect=&#8221;classic&#8221; rt_bg_image_repeat=&#8221;repeat&#8221; rt_bg_size=&#8221;cover&#8221; rt_bg_position=&#8221;right top&#8221; rt_bg_attachment=&#8221;scroll&#8221; rt_bg_layer=&#8221;&#8221; rt_bg_video_format=&#8221;self-hosted&#8221; rt_class=&#8221;rt-7308905&#8243; class=&#8221;metinler&#8221;][vc_column rt_bg_effect=&#8221;classic&#8221; rt_bg_image_repeat=&#8221;repeat&#8221; rt_bg_size=&#8221;auto auto&#8221; rt_bg_position=&#8221;right top&#8221; rt_bg_attachment=&#8221;scroll&#8221;][vc_column_text]<\/p>\n<h2><strong>\u00c7ALI\u015eAN ADAYI AYDINLATMA METN\u0130<\/strong><\/h2>\n<p>Bu Ayd\u0131nlatma Metni, 6698 say\u0131l\u0131 Ki\u015fisel Verilerin Korunmas\u0131 Kanunu (\u201cKVKK\u201d) uyar\u0131nca ki\u015fisel verilerinizin toplanmas\u0131, i\u015flenmesi, aktar\u0131lmas\u0131 ve KVKK kapsam\u0131ndaki haklar\u0131n\u0131za dair sizleri bilgilendirmek amac\u0131yla haz\u0131rlanm\u0131\u015ft\u0131r.<\/p>\n<p>Barbaros Mahallesi Mor S\u00fcmb\u00fcl Sokak Nidakule Blok No:7\/3F \u0130\u00e7 Kap\u0131 No:12 34758 Ata\u015fehir \u0130stanbul adresinde faaliyet g\u00f6steren\u00a0HRWORKS Y\u00f6netim Dan\u0131\u015fmanl\u0131k \u015eirketi (\u201c\u015eirket\u201d)\u00a0olarak veri sorumlusu s\u0131fat\u0131yla ki\u015fisel verilerinizi, KVKK ve ilgili mevzuata uygun olarak a\u015fa\u011f\u0131da a\u00e7\u0131klanan kapsamda i\u015flemekteyiz.<\/p>\n<p><strong>1.\u0130\u015fledi\u011fimiz Ki\u015fisel Verileriniz<\/strong><\/p>\n<table width=\"605\">\n<tbody>\n<tr>\n<td width=\"120\">Kimlik Bilgisi<\/td>\n<td width=\"479\">Ad, soyad\u0131<\/td>\n<\/tr>\n<tr>\n<td width=\"120\">\u0130leti\u015fim Bilgisi<\/td>\n<td width=\"479\">Elektronik posta adresi, adres, telefon numaras\u0131<\/td>\n<\/tr>\n<tr>\n<td width=\"120\">\u00d6zl\u00fck Bilgisi<\/td>\n<td width=\"479\">Ba\u015fvurulan pozisyon bilgisi, daha \u00f6nce \u00e7al\u0131\u015f\u0131lan \u015eirket, ba\u015fvuru yap\u0131lan b\u00f6l\u00fcm<\/td>\n<\/tr>\n<tr>\n<td width=\"120\">\u00c7al\u0131\u015fan Aday\u0131 \u0130\u015flem Bilgisi<\/td>\n<td width=\"479\">Taraf\u0131m\u0131za iletti\u011finiz herhangi bir mesaj, talep ve istek varsa mesaj, talep veya istekte belirtmi\u015f oldu\u011funuz i\u00e7erik bilgisi<\/td>\n<\/tr>\n<tr>\n<td width=\"120\">Referans Bilgisi<\/td>\n<td width=\"479\">Referans olarak g\u00f6sterilen ki\u015fiye ili\u015fkin bilgiler<\/td>\n<\/tr>\n<tr>\n<td width=\"120\">\u00d6zge\u00e7mi\u015f Bilgisi<\/td>\n<td width=\"479\">\u00d6zge\u00e7mi\u015f (CV) ya da \u00f6n yaz\u0131da yer verilen bilgiler<\/td>\n<\/tr>\n<tr>\n<td width=\"120\">Hukuki \u0130\u015flem Bilgisi<\/td>\n<td width=\"479\">Adli ve idari makamlar ile yetkili kamu kurum ve kurulu\u015flar\u0131 ile yap\u0131lan yaz\u0131\u015fmalar, inceleme, dava, icra dosya i\u00e7erikleri<\/td>\n<\/tr>\n<\/tbody>\n<\/table>\n<p>&nbsp;<\/p>\n<p>Referans bilgisini bizimle payla\u015fabilmeniz i\u00e7in referans\u0131n\u0131zdan bu payla\u015f\u0131ma ili\u015fkin onay alman\u0131z gerekti\u011fini l\u00fctfen unutmay\u0131n.<\/p>\n<ol start=\"2\">\n<li><strong> Ki\u015fisel Verilerinizi Toplama Y\u00f6ntemlerimiz<\/strong><\/li>\n<\/ol>\n<p>Ki\u015fisel verileriniz\u00a0<a href=\"https:\/\/hrw.com.tr\/tr\/kariyer\/\">https:\/\/hrw.com.tr\/tr\/kariyer\/<\/a> uzant\u0131l\u0131 adres \u00fczerinde yer alan \u0130\u015f Ba\u015fvuru Formu\u2019nu doldurman\u0131z ya da kendi haz\u0131rlad\u0131\u011f\u0131n\u0131z \u00f6zge\u00e7mi\u015fi bizlerle payla\u015fman\u0131z halinde elektronik ortamda otomatik yollarla i\u015flenmektedir.<\/p>\n<ol start=\"3\">\n<li><strong> Ki\u015fisel Verilerinizi \u0130\u015fleme Ama\u00e7lar\u0131m\u0131z ve Hukuki Sebeplerimiz<\/strong><\/li>\n<\/ol>\n<p>Ki\u015fisel verilerinizi Kanun\u2019un 5. maddesinde belirtilen hukuki sebeplere dayal\u0131 olarak i\u015fliyoruz. Ki\u015fisel verilerinizi i\u015fleme ama\u00e7lar\u0131m\u0131z ve dayand\u0131\u011f\u0131m\u0131z hukuki sebeplere a\u015fa\u011f\u0131da yer verdik:<\/p>\n<table width=\"100%\">\n<tbody>\n<tr>\n<td width=\"22%\">S\u00fcre\u00e7te \u0130\u015flenen Ki\u015fisel Verileriniz<\/td>\n<td width=\"37%\">Ki\u015fisel Veri \u0130\u015fleme Ama\u00e7lar\u0131<\/td>\n<td width=\"38%\">Dayan\u0131lan Hukuki Sebepler<\/td>\n<\/tr>\n<tr>\n<td width=\"22%\">Kimlik Bilgisi<br \/>\n\u0130leti\u015fim Bilgisi<br \/>\n\u00d6zl\u00fck Bilgisi<br \/>\n\u00d6zge\u00e7mi\u015f Bilgisi<br \/>\n\u0130\u015flem Bilgisi<\/td>\n<td width=\"37%\">\u00c7al\u0131\u015fan aday\u0131 se\u00e7me ve yerle\u015ftirme s\u00fcre\u00e7lerinin y\u00fcr\u00fct\u00fclmesi, \u00e7al\u0131\u015fan adaylar\u0131n\u0131n ba\u015fvuru s\u00fcre\u00e7lerinin y\u00fcr\u00fct\u00fclmesi, ileti\u015fim faaliyetlerinin y\u00fcr\u00fct\u00fclmesi, insan kaynaklar\u0131 s\u00fcre\u00e7lerinin planlanmas\u0131<\/td>\n<td width=\"38%\">Ki\u015fisel verilerin s\u00f6zle\u015fmenin kurulmas\u0131 veya ifas\u0131 i\u00e7in i\u015flenmesi (KVKK md. 5\/2-c)<\/td>\n<\/tr>\n<tr>\n<td width=\"22%\">Referans Bilgisi, \u00c7al\u0131\u015fan \u0130\u015flem Bilgisi<\/td>\n<td width=\"37%\">\u00c7al\u0131\u015fan aday\u0131 se\u00e7me ve yerle\u015ftirme s\u00fcre\u00e7lerinin y\u00fcr\u00fct\u00fclmesi, ileti\u015fim faaliyetlerinin y\u00fcr\u00fct\u00fclmesi<\/td>\n<td width=\"38%\">Ki\u015fisel veri i\u015flemenin me\u015fru menfaatlerimiz i\u00e7in zorunlu olmas\u0131 (KVKK md. 5\/2-f)<\/td>\n<\/tr>\n<tr>\n<td width=\"22%\">Hukuki \u0130\u015flem Bilgisi<\/td>\n<td width=\"37%\">Do\u011facak uyu\u015fmazl\u0131klarda mahkeme, icra dairesi, hakem heyeti gibi resmi kurum ve kurulu\u015flara kar\u015f\u0131 her t\u00fcrl\u00fc dava, cevap ve itiraz hakk\u0131n\u0131n kullan\u0131lmas\u0131, uyu\u015fmazl\u0131klara ili\u015fkin g\u00f6r\u00fc\u015fme ve anla\u015fma s\u00fcre\u00e7lerinin y\u00fcr\u00fct\u00fclmesi, taraf\u0131m\u0131zdan bilgi talep etmeniz halinde gerekli bilgilerin taraf\u0131n\u0131za ula\u015ft\u0131r\u0131labilmesi<\/td>\n<td width=\"38%\">Ki\u015fisel verilerin bir hakk\u0131n tesisi, kullan\u0131lmas\u0131 veya korunmas\u0131 i\u00e7in i\u015flenmesi (KVKK md. 5\/2-e)<\/td>\n<\/tr>\n<\/tbody>\n<\/table>\n<p>&nbsp;<\/p>\n<ol start=\"4\">\n<li><strong> Ki\u015fisel Verilerinizi Payla\u015ft\u0131\u011f\u0131m\u0131z \u00dc\u00e7\u00fcnc\u00fc Ki\u015filer<\/strong><\/li>\n<\/ol>\n<p>Veri taban\u0131 ve sunucu hizmeti sa\u011flay\u0131c\u0131m\u0131z, hukuki dan\u0131\u015fmanl\u0131k hizmeti verenler ile;<\/p>\n<p>\u00c7al\u0131\u015fan aday\u0131 olarak sizleri \u00f6nerdi\u011fimiz \u015firketler ile;<\/p>\n<p>Yetkili kamu kurum ve kurulu\u015flar\u0131 ile adli makamlara kar\u015f\u0131 olan bilgi, belge verme ve ilgili sair y\u00fck\u00fcml\u00fcl\u00fcklerimizi yerine getirmek ve dava ve cevap haklar\u0131 gibi yasal haklar\u0131m\u0131z\u0131 kullanabilmek amac\u0131yla bizden istenen bilgileri an\u0131lan bu kurum, kurulu\u015f ve makamlar ile payla\u015fmaktay\u0131z.<\/p>\n<table width=\"892\">\n<tbody>\n<tr>\n<td colspan=\"2\" width=\"888\"><strong>Ba\u015fvuru Y\u00f6ntemi ve Ba\u015fvurunun Yap\u0131laca\u011f\u0131 Adres<\/strong><\/td>\n<\/tr>\n<tr>\n<td width=\"242\"><strong>Ba\u015fvuru Y\u00f6ntemi<\/strong><\/td>\n<td width=\"644\">Ba\u015fvurunun Yap\u0131laca\u011f\u0131 Adres<\/td>\n<\/tr>\n<tr>\n<td width=\"242\"><strong>\u015eahsen Yaz\u0131l\u0131 Ba\u015fvuru<\/strong><\/td>\n<td width=\"644\">Barbaros Mahallesi Mor S\u00fcmb\u00fcl Sokak Nidakule Blok No:7\/3F \u0130\u00e7 Kap\u0131 No:12<\/p>\n<p>34758 Ata\u015fehir \u0130stanbul<\/td>\n<\/tr>\n<tr>\n<td width=\"242\"><strong>Noter<\/strong><\/td>\n<td width=\"644\">Barbaros Mahallesi Mor S\u00fcmb\u00fcl Sokak Nidakule Blok No:7\/3F \u0130\u00e7 Kap\u0131 No:12<\/p>\n<p>34758 Ata\u015fehir \u0130stanbul<\/td>\n<\/tr>\n<tr>\n<td width=\"242\"><strong>\u015eirketimize daha \u00f6nce bildirdi\u011finiz ve sistemimizde kay\u0131tl\u0131 bulunan elektronik posta adresinizden<\/strong><\/td>\n<td width=\"644\"><a href=\"mailto:info@hrw.com.tr\">info@hrw.com.tr<\/a><\/td>\n<\/tr>\n<\/tbody>\n<\/table>\n<p>&nbsp;<\/p>\n<ol start=\"5\">\n<li><strong> Ki\u015fisel Verilerinizin Korunmas\u0131, Saklanmas\u0131 ve \u0130mhas\u0131<\/strong><\/li>\n<\/ol>\n<p>\u015eirket olarak ki\u015fisel verilerinizin hukuka ayk\u0131r\u0131 olarak i\u015flenmesini \u00f6nlemek, ki\u015fisel verilerinize hukuka ayk\u0131r\u0131 olarak eri\u015filmesini \u00f6nlemek ve ki\u015fisel verilerinizin muhafazas\u0131n\u0131 sa\u011flamak amac\u0131yla uygun g\u00fcvenlik d\u00fczeyini temin etmeye y\u00f6nelik gerekli her t\u00fcrl\u00fc teknik ve idari tedbirleri almaktay\u0131z. \u015eirketimiz taraf\u0131ndan ki\u015fisel verileriniz ba\u015fvurunuzun olumlu neticelenmesi ve i\u015f orta\u011f\u0131 \u015firketlere yerle\u015ftirilmeniz halinde 1 (bir) y\u0131l boyunca saklan\u0131r. \u015eirketimiz taraf\u0131ndan ki\u015fisel verileriniz ki\u015fisel verilerinizin i\u015flenmesini gerektiren sebeplerin ortadan kalkmas\u0131 ve saklama s\u00fcresinin sona ermesi ile ya da talebiniz \u00fczerine takip eden 6 (alt\u0131) ay i\u00e7erisinde silinir, yok edilir veya anonim hale getirilir.<\/p>\n<ol start=\"6\">\n<li><strong> Bize Ula\u015f\u0131n<\/strong><\/li>\n<\/ol>\n<p>Ki\u015fisel verilerinizle ilgili sorular\u0131n\u0131z\u0131 ve KVKK\u2019n\u0131n 11. maddesinde yer alan hak ve taleplerinizi a\u015fa\u011f\u0131daki y\u00f6ntemlerle iletebilirsiniz.<\/p>\n<p>Ki\u015fisel veri sahipleri olarak haklar\u0131n\u0131za ili\u015fkin taleplerinizi \u015eirket\u2019e iletmeniz durumunda \u015eirket talebinizi en ge\u00e7 30 (otuz) g\u00fcn i\u00e7inde \u00fccretsiz olarak sonu\u00e7land\u0131racakt\u0131r. Ancak, ba\u015fvurunuza verilecek yan\u0131t\u0131n mevzuat uyar\u0131nca bir maliyet gerektirmesi halinde \u015eirket taraf\u0131ndan Ki\u015fisel Verileri Koruma Kurulu taraf\u0131ndan belirlenen tarifedeki \u00fccret talep edilebilecektir.<\/p>\n<p>\u015eirket&#8217;e \u0130li\u015fkin Bilgiler:<\/p>\n<p>Unvan:\u00a0HRWORKS Y\u00d6NET\u0130M DANI\u015eMANLIK L\u0130M\u0130TED \u015e\u0130RKET\u0130<\/p>\n<p>Mersis No:\u00a00464177392700001<\/p>\n<p>Vergi Dairesi \/ No:\u00a0KOZYATA\u011eI VERG\u0130 DA\u0130RES\u0130 \/ 4641773927[\/vc_column_text][\/vc_column][\/vc_row]<\/p>\n","protected":false},"excerpt":{"rendered":"<p>[vc_row rt_row_background_width=&#8221;fullwidth&#8221; rt_row_content_width=&#8221;default&#8221; rt_row_style=&#8221;default-style&#8221; rt_row_height=&#8221;&#8221; rt_column_gaps=&#8221;&#8221; rt_row_shadows=&#8221;&#8221; rt_row_borders=&#8221;&#8221; rt_bg_effect=&#8221;classic&#8221; rt_bg_image_repeat=&#8221;repeat&#8221; rt_bg_size=&#8221;cover&#8221; rt_bg_position=&#8221;right top&#8221; rt_bg_attachment=&#8221;scroll&#8221; rt_bg_layer=&#8221;&#8221; rt_bg_video_format=&#8221;self-hosted&#8221; rt_class=&#8221;rt-7308905&#8243; class=&#8221;metinler&#8221;][vc_column rt_bg_effect=&#8221;classic&#8221; rt_bg_image_repeat=&#8221;repeat&#8221; rt_bg_size=&#8221;auto auto&#8221; rt_bg_position=&#8221;right top&#8221; rt_bg_attachment=&#8221;scroll&#8221;][vc_column_text] \u00c7ALI\u015eAN ADAYI AYDINLATMA METN\u0130 Bu Ayd\u0131nlatma Metni, 6698 say\u0131l\u0131 Ki\u015fisel Verilerin Korunmas\u0131 Kanunu (\u201cKVKK\u201d) uyar\u0131nca ki\u015fisel verilerinizin toplanmas\u0131, i\u015flenmesi, aktar\u0131lmas\u0131 ve KVKK kapsam\u0131ndaki haklar\u0131n\u0131za dair sizleri bilgilendirmek amac\u0131yla haz\u0131rlanm\u0131\u015ft\u0131r. Barbaros [&hellip;]<\/p>\n","protected":false},"author":5,"featured_media":0,"parent":0,"menu_order":0,"comment_status":"closed","ping_status":"closed","template":"","meta":{"footnotes":""},"class_list":["post-6198","page","type-page","status-publish","hentry"],"aioseo_notices":[],"_links":{"self":[{"href":"https:\/\/hrw.com.tr\/tr\/wp-json\/wp\/v2\/pages\/6198","targetHints":{"allow":["GET"]}}],"collection":[{"href":"https:\/\/hrw.com.tr\/tr\/wp-json\/wp\/v2\/pages"}],"about":[{"href":"https:\/\/hrw.com.tr\/tr\/wp-json\/wp\/v2\/types\/page"}],"author":[{"embeddable":true,"href":"https:\/\/hrw.com.tr\/tr\/wp-json\/wp\/v2\/users\/5"}],"replies":[{"embeddable":true,"href":"https:\/\/hrw.com.tr\/tr\/wp-json\/wp\/v2\/comments?post=6198"}],"version-history":[{"count":6,"href":"https:\/\/hrw.com.tr\/tr\/wp-json\/wp\/v2\/pages\/6198\/revisions"}],"predecessor-version":[{"id":6262,"href":"https:\/\/hrw.com.tr\/tr\/wp-json\/wp\/v2\/pages\/6198\/revisions\/6262"}],"wp:attachment":[{"href":"https:\/\/hrw.com.tr\/tr\/wp-json\/wp\/v2\/media?parent=6198"}],"curies":[{"name":"wp","href":"https:\/\/api.w.org\/{rel}","templated":true}]}}