{"id":6243,"date":"2025-05-06T11:50:34","date_gmt":"2025-05-06T08:50:34","guid":{"rendered":"https:\/\/hrw.com.tr\/explanatory-text\/"},"modified":"2025-05-30T12:25:37","modified_gmt":"2025-05-30T09:25:37","slug":"explanatory-text","status":"publish","type":"page","link":"https:\/\/hrw.com.tr\/tr\/explanatory-text\/","title":{"rendered":"Disclosure Text"},"content":{"rendered":"<p>[vc_row rt_row_background_width=&#8221;fullwidth&#8221; rt_row_content_width=&#8221;default&#8221; rt_row_style=&#8221;default-style&#8221; rt_row_height=&#8221;&#8221; rt_column_gaps=&#8221;&#8221; rt_row_shadows=&#8221;&#8221; rt_row_borders=&#8221;&#8221; rt_bg_effect=&#8221;classic&#8221; rt_bg_image_repeat=&#8221;repeat&#8221; rt_bg_size=&#8221;cover&#8221; rt_bg_position=&#8221;right top&#8221; rt_bg_attachment=&#8221;scroll&#8221; rt_bg_layer=&#8221;&#8221; rt_bg_video_format=&#8221;self-hosted&#8221; rt_class=&#8221;rt-9896541&#8243; class=&#8221;metinler&#8221;][vc_column rt_bg_effect=&#8221;classic&#8221; rt_bg_image_repeat=&#8221;repeat&#8221; rt_bg_size=&#8221;auto auto&#8221; rt_bg_position=&#8221;right top&#8221; rt_bg_attachment=&#8221;scroll&#8221;][vc_column_text]<b>INFORMATION NOTICE ON THE PROCESSING OF PERSONAL DATA<\/b><b><br \/>\n<\/b><b>FOR DATA SUBJECTS SUBMITTING REQUESTS\/COMPLAINTS\/COMMENTS\/SUGGESTIONS\u00a0<\/b><\/p>\n<p><b>VIA THE CONTACT FORM<\/b><\/p>\n<p><span style=\"font-weight: 400;\">This Information Notice has been prepared and presented to you by HRWORKS Y\u00f6netim Dan\u0131\u015fmanl\u0131k Limited \u015eirketi, located at Barbaros Mahallesi, Mor S\u00fcmb\u00fcl Sokak, Nidakule No: 7\/3F, \u0130\u00e7 Kap\u0131 No: 12, 34758 Ata\u015fehir, \u0130stanbul, acting in the capacity of data controller, in accordance with the Personal Data Protection Law No. 6698 (\u201cKVKK\u201d) and the Communiqu\u00e9 on the Principles and Procedures to Be Followed in Fulfillment of the Obligation to Inform.<\/span><\/p>\n<p><b>PURPOSE OF PROCESSING PERSONAL DATA<\/b><\/p>\n<p><span style=\"font-weight: 400;\">Your personal data, including your identity information (Name-Surname), contact details (E-mail, Phone), and the content of your message collected through the \u201cContact\u201d section on our website <\/span><a href=\"https:\/\/hrw.com.tr\/tr\/\"><span style=\"font-weight: 400;\">https:\/\/hrw.com.tr\/tr\/<\/span><\/a><span style=\"font-weight: 400;\">, are processed by our Company for the purpose of communicating with you regarding your submitted requests, complaints, comments, or suggestions and for follow-up (Tracking of Requests and Complaints), in accordance with the principles of lawfulness, fairness, and relevance, and retained only for as long as necessary for the purposes for which they are processed and as required under applicable legislation.<\/span><\/p>\n<p><b>METHOD AND LEGAL BASIS FOR COLLECTING PERSONAL DATA<\/b><\/p>\n<p><span style=\"font-weight: 400;\">The personal data specified in this Information Notice are collected electronically via our website <\/span><a href=\"https:\/\/hrw.com.tr\/tr\/\"><span style=\"font-weight: 400;\">https:\/\/hrw.com.tr\/tr\/<\/span><\/a><span style=\"font-weight: 400;\"> and are processed by fully or partially automated means based on the legal ground of the processing being necessary for our legitimate interests (Article 5\/2(f) of the Law).<\/span><\/p>\n<p><b>TRANSFER OF PERSONAL DATA<\/b><\/p>\n<p><span style=\"font-weight: 400;\">Your personal data will be processed by our Company only for the purposes stated above and will not be shared with or transferred to third parties under any circumstances.<\/span><\/p>\n<p><b>DELETION, DESTRUCTION, OR ANONYMIZATION OF PERSONAL DATA<\/b><\/p>\n<p><span style=\"font-weight: 400;\">Pursuant to Article 7 of the Law, even if your personal data have been processed lawfully, they will be deleted, destroyed, or anonymized by our Company either ex officio or upon your request when the reasons requiring their processing no longer exist. This process will be carried out in accordance with the Law and the Regulation on Deletion, Destruction, or Anonymization of Personal Data published in the Official Gazette dated 28.10.2017 and numbered 30224.<\/span><\/p>\n<p><span style=\"font-weight: 400;\">Your personal data will be deleted, destroyed, or anonymized within six (6) months following the date on which the obligation to do so arises.<\/span><\/p>\n<p><b>YOUR RIGHTS UNDER THE PERSONAL DATA PROTECTION LAW<\/b><\/p>\n<p><span style=\"font-weight: 400;\">As the data subject, you have the rights listed under Article 11 of the Law. You may exercise these rights by submitting a written request in accordance with the Communiqu\u00e9 on the Principles and Procedures for Application to the Data Controller to the following address:<\/span><\/p>\n<p><span style=\"font-weight: 400;\">Barbaros Mahallesi, Mor S\u00fcmb\u00fcl Sokak, Nidakule, No:7\/3F, \u0130\u00e7 Kap\u0131 No:12, 34758 Ata\u015fehir, \u0130stanbul.<\/span>[\/vc_column_text][\/vc_column][\/vc_row]<\/p>\n","protected":false},"excerpt":{"rendered":"<p>[vc_row rt_row_background_width=&#8221;fullwidth&#8221; rt_row_content_width=&#8221;default&#8221; rt_row_style=&#8221;default-style&#8221; rt_row_height=&#8221;&#8221; rt_column_gaps=&#8221;&#8221; rt_row_shadows=&#8221;&#8221; rt_row_borders=&#8221;&#8221; rt_bg_effect=&#8221;classic&#8221; rt_bg_image_repeat=&#8221;repeat&#8221; rt_bg_size=&#8221;cover&#8221; rt_bg_position=&#8221;right top&#8221; rt_bg_attachment=&#8221;scroll&#8221; rt_bg_layer=&#8221;&#8221; rt_bg_video_format=&#8221;self-hosted&#8221; rt_class=&#8221;rt-9896541&#8243; class=&#8221;metinler&#8221;][vc_column rt_bg_effect=&#8221;classic&#8221; rt_bg_image_repeat=&#8221;repeat&#8221; rt_bg_size=&#8221;auto auto&#8221; rt_bg_position=&#8221;right top&#8221; rt_bg_attachment=&#8221;scroll&#8221;][vc_column_text]INFORMATION NOTICE ON THE PROCESSING OF PERSONAL DATA FOR DATA SUBJECTS SUBMITTING REQUESTS\/COMPLAINTS\/COMMENTS\/SUGGESTIONS\u00a0 VIA THE CONTACT FORM This Information Notice has been prepared and presented to you by HRWORKS Y\u00f6netim Dan\u0131\u015fmanl\u0131k [&hellip;]<\/p>\n","protected":false},"author":5,"featured_media":0,"parent":0,"menu_order":0,"comment_status":"closed","ping_status":"closed","template":"","meta":{"footnotes":""},"class_list":["post-6243","page","type-page","status-publish","hentry"],"aioseo_notices":[],"_links":{"self":[{"href":"https:\/\/hrw.com.tr\/tr\/wp-json\/wp\/v2\/pages\/6243","targetHints":{"allow":["GET"]}}],"collection":[{"href":"https:\/\/hrw.com.tr\/tr\/wp-json\/wp\/v2\/pages"}],"about":[{"href":"https:\/\/hrw.com.tr\/tr\/wp-json\/wp\/v2\/types\/page"}],"author":[{"embeddable":true,"href":"https:\/\/hrw.com.tr\/tr\/wp-json\/wp\/v2\/users\/5"}],"replies":[{"embeddable":true,"href":"https:\/\/hrw.com.tr\/tr\/wp-json\/wp\/v2\/comments?post=6243"}],"version-history":[{"count":4,"href":"https:\/\/hrw.com.tr\/tr\/wp-json\/wp\/v2\/pages\/6243\/revisions"}],"predecessor-version":[{"id":6307,"href":"https:\/\/hrw.com.tr\/tr\/wp-json\/wp\/v2\/pages\/6243\/revisions\/6307"}],"wp:attachment":[{"href":"https:\/\/hrw.com.tr\/tr\/wp-json\/wp\/v2\/media?parent=6243"}],"curies":[{"name":"wp","href":"https:\/\/api.w.org\/{rel}","templated":true}]}}