{"id":943,"date":"2020-11-30T01:14:39","date_gmt":"2020-11-29T22:14:39","guid":{"rendered":"https:\/\/hrw.com.tr\/?page_id=943"},"modified":"2025-11-14T16:17:57","modified_gmt":"2025-11-14T13:17:57","slug":"yonetim","status":"publish","type":"page","link":"https:\/\/hrw.com.tr\/tr\/yonetim\/","title":{"rendered":"Y\u00f6netim"},"content":{"rendered":"<p>[vc_section][vc_row rt_row_background_width=&#8221;fullwidth&#8221; rt_row_content_width=&#8221;default&#8221; rt_row_style=&#8221;default-style&#8221; rt_row_height=&#8221;&#8221; rt_column_gaps=&#8221;&#8221; rt_row_shadows=&#8221;&#8221; rt_row_borders=&#8221;&#8221; rt_bg_effect=&#8221;classic&#8221; rt_bg_image_repeat=&#8221;repeat&#8221; rt_bg_size=&#8221;cover&#8221; rt_bg_position=&#8221;right top&#8221; rt_bg_attachment=&#8221;scroll&#8221; rt_bg_layer=&#8221;&#8221; rt_bg_video_format=&#8221;self-hosted&#8221;][vc_column width=&#8221;1\/4&#8243; rt_bg_effect=&#8221;classic&#8221; rt_bg_image_repeat=&#8221;repeat&#8221; rt_bg_size=&#8221;auto auto&#8221; rt_bg_position=&#8221;right top&#8221; rt_bg_attachment=&#8221;scroll&#8221; rt_class=&#8221;rt-2332899&#8243; rt_margins=&#8221;,&#8221; rt_paddings=&#8221;,,,&#8221; rt_wrapper_paddings=&#8221;,,,&#8221; rt_tablet_margins=&#8221;,&#8221; rt_tablet_paddings=&#8221;,,,&#8221; rt_tablet_wrapper_paddings=&#8221;,,,&#8221; rt_sp_margins=&#8221;,&#8221; rt_sp_paddings=&#8221;,,,&#8221; rt_sp_wrapper_paddings=&#8221;,,,&#8221; rt_bg_color=&#8221;&#8221; rt_bg_overlay_color=&#8221;&#8221;][vc_single_image image=&#8221;6318&#8243; img_size=&#8221;full&#8221; el_class=&#8221;serdar&#8221;][\/vc_column][vc_column width=&#8221;3\/4&#8243; rt_bg_effect=&#8221;classic&#8221; rt_bg_image_repeat=&#8221;repeat&#8221; rt_bg_size=&#8221;auto auto&#8221; rt_bg_position=&#8221;right top&#8221; rt_bg_attachment=&#8221;scroll&#8221; rt_class=&#8221;rt-6513151&#8243; rt_margins=&#8221;,&#8221; rt_paddings=&#8221;,,,&#8221; rt_wrapper_paddings=&#8221;,,,&#8221; rt_tablet_margins=&#8221;,&#8221; rt_tablet_paddings=&#8221;,,,&#8221; rt_tablet_wrapper_paddings=&#8221;,,,&#8221; rt_sp_margins=&#8221;,&#8221; rt_sp_paddings=&#8221;,,,&#8221; rt_sp_wrapper_paddings=&#8221;,,,&#8221; rt_bg_color=&#8221;&#8221; rt_bg_overlay_color=&#8221;&#8221;][vc_column_text]<span style=\"font-size: 25px;\">Genel M\u00fcd\u00fcr | Serdar Bay\u0131nd\u0131r\u00a0\u00a0<\/span> <a href=\"https:\/\/www.linkedin.com\/in\/serdar-bayindir-aa061920\/\"><span class=\"businesslounge-icon icon-linkedin-squared \" style=\"font-size:24px;\"><\/span><\/a><\/p>\n<p>2011 y\u0131l\u0131ndan itibaren, orta ve \u00fcst d\u00fczey y\u00f6netici ara\u015ft\u0131rmas\u0131 alan\u0131nda faaliyet g\u00f6steren HRWORKS CONSULTANCY\u2019 nin kurucusu olarak; se\u00e7kin \u015firketler i\u00e7in insan kaynaklar\u0131 dan\u0131\u015fmanl\u0131\u011f\u0131 ile yetenekli y\u00f6neticilerin se\u00e7ilmesi ve kurumlara kazand\u0131r\u0131lmas\u0131nda hizmet sunmaktad\u0131r. HRWorks\u2019 \u00fc kurmadan \u00f6nce 15 y\u0131l\u0131 a\u015fk\u0131n bir s\u00fcre yurt i\u00e7i ve yurtd\u0131\u015f\u0131 organizasyonlara personel se\u00e7imi, \u00fccretlendirme, ERP sistemlerinin se\u00e7imi ve insan kaynaklar\u0131 mod\u00fcllerinin uyarlanmas\u0131, organizasyonel yeniden yap\u0131lanma ile e\u011fitim ve geli\u015fim projelerinin y\u00f6netimini s\u0131ras\u0131yla, Do\u011fu\u015f Oto, Gap \u0130n\u015faat, Hayat Kimya, Yal\u0131nkaya Holding ve TAV-Sera JV\u2019 da \u00fcstlenmi\u015ftir.<\/p>\n<p>1995 y\u0131l\u0131 \u0130n\u015faat M\u00fchendisli\u011fi b\u00f6l\u00fcm\u00fcnden mezun olduktan sonra Trevi SpA\u2019 da Birecik Baraj\u0131 ve Hidroelektrik santrali projesinde Saha M\u00fchendisli\u011fi yapm\u0131\u015ft\u0131r.<\/p>\n<p>Serdar, organizasyonlar\u0131 g\u00fc\u00e7lendirmede ve yeteneklerin ba\u015far\u0131ya ula\u015fmas\u0131n\u0131 sa\u011flamada, deneyimlerini aktarma konusunda olduk\u00e7a tutkuludur.[\/vc_column_text][\/vc_column][\/vc_row][vc_row disable_element=&#8221;yes&#8221; rt_row_background_width=&#8221;fullwidth&#8221; rt_row_content_width=&#8221;default&#8221; rt_row_style=&#8221;default-style&#8221; rt_row_height=&#8221;&#8221; rt_column_gaps=&#8221;&#8221; rt_row_shadows=&#8221;&#8221; rt_row_borders=&#8221;&#8221; rt_bg_effect=&#8221;classic&#8221; rt_bg_image_repeat=&#8221;repeat&#8221; rt_bg_size=&#8221;cover&#8221; rt_bg_position=&#8221;right top&#8221; rt_bg_attachment=&#8221;scroll&#8221; rt_bg_layer=&#8221;&#8221; rt_bg_video_format=&#8221;self-hosted&#8221; rt_class=&#8221;rt-4873862&#8243; rt_paddings=&#8221;,,,&#8221; rt_margins=&#8221;,,,&#8221; rt_content_margins=&#8221;,,,&#8221; rt_tablet_paddings=&#8221;,,,&#8221; rt_tablet_margins=&#8221;,,,&#8221; rt_tablet_content_margins=&#8221;,,,&#8221; rt_sp_paddings=&#8221;,,,&#8221; rt_sp_margins=&#8221;,,,&#8221; rt_sp_content_margins=&#8221;,,,&#8221;][vc_column width=&#8221;1\/4&#8243; rt_bg_effect=&#8221;classic&#8221; rt_bg_image_repeat=&#8221;repeat&#8221; rt_bg_size=&#8221;auto auto&#8221; rt_bg_position=&#8221;right top&#8221; rt_bg_attachment=&#8221;scroll&#8221; rt_class=&#8221;rt-4645756&#8243; rt_margins=&#8221;,&#8221; rt_paddings=&#8221;,,,&#8221; rt_wrapper_paddings=&#8221;,,,&#8221; rt_tablet_margins=&#8221;,&#8221; rt_tablet_paddings=&#8221;,,,&#8221; rt_tablet_wrapper_paddings=&#8221;,,,&#8221; rt_sp_margins=&#8221;,&#8221; rt_sp_paddings=&#8221;,,,&#8221; rt_sp_wrapper_paddings=&#8221;,,,&#8221; rt_bg_color=&#8221;&#8221; rt_bg_overlay_color=&#8221;&#8221;][vc_single_image image=&#8221;718&#8243; img_size=&#8221;full&#8221; el_class=&#8221;serdar&#8221;][\/vc_column][vc_column width=&#8221;3\/4&#8243; rt_bg_effect=&#8221;classic&#8221; rt_bg_image_repeat=&#8221;repeat&#8221; rt_bg_size=&#8221;auto auto&#8221; rt_bg_position=&#8221;right top&#8221; rt_bg_attachment=&#8221;scroll&#8221; rt_class=&#8221;rt-3104334&#8243; rt_margins=&#8221;,&#8221; rt_paddings=&#8221;,,,&#8221; rt_wrapper_paddings=&#8221;,,,&#8221; rt_tablet_margins=&#8221;,&#8221; rt_tablet_paddings=&#8221;,,,&#8221; rt_tablet_wrapper_paddings=&#8221;,,,&#8221; rt_sp_margins=&#8221;,&#8221; rt_sp_paddings=&#8221;,,,&#8221; rt_sp_wrapper_paddings=&#8221;,,,&#8221; rt_bg_color=&#8221;&#8221; rt_bg_overlay_color=&#8221;&#8221;][vc_column_text]<span style=\"font-size: 25px;\">Office Manager| Oya Elin\u00e7\u00a0\u00a0 <\/span><a href=\"https:\/\/www.linkedin.com\/in\/oya-elin%C3%A7-b74601136\/\"><span class=\"businesslounge-icon icon-linkedin-squared \" style=\"font-size:24px;\"><\/span><\/a><\/p>\n<p>Oya joined HRWorks Consultancy in 2020 as an Office Manager. She has studied History at Dokuz Eyl\u00fcl University and Yeditepe University and then she started her professional career in the Educational Volunteers Foundation of Turkey as a Volunteer History Teacher. She then joined the educational training sector and spent 5+ years as a Training Co-ordinator, Substitute Teacher and an Administrative Assistant. Building a strong foundation, in 2015 she established her own training consultancy company and ran the business for several years.<\/p>\n<p>She loves to share her passion for dancing and teach workshops that will bring inspiration to everyone who attends. She is also a licenced volleyball player.[\/vc_column_text][\/vc_column][\/vc_row][\/vc_section]<\/p>\n","protected":false},"excerpt":{"rendered":"<p>[vc_section][vc_row rt_row_background_width=&#8221;fullwidth&#8221; rt_row_content_width=&#8221;default&#8221; rt_row_style=&#8221;default-style&#8221; rt_row_height=&#8221;&#8221; rt_column_gaps=&#8221;&#8221; rt_row_shadows=&#8221;&#8221; rt_row_borders=&#8221;&#8221; rt_bg_effect=&#8221;classic&#8221; rt_bg_image_repeat=&#8221;repeat&#8221; rt_bg_size=&#8221;cover&#8221; rt_bg_position=&#8221;right top&#8221; rt_bg_attachment=&#8221;scroll&#8221; rt_bg_layer=&#8221;&#8221; rt_bg_video_format=&#8221;self-hosted&#8221;][vc_column width=&#8221;1\/4&#8243; rt_bg_effect=&#8221;classic&#8221; rt_bg_image_repeat=&#8221;repeat&#8221; rt_bg_size=&#8221;auto auto&#8221; rt_bg_position=&#8221;right top&#8221; rt_bg_attachment=&#8221;scroll&#8221; rt_class=&#8221;rt-2332899&#8243; rt_margins=&#8221;,&#8221; rt_paddings=&#8221;,,,&#8221; rt_wrapper_paddings=&#8221;,,,&#8221; rt_tablet_margins=&#8221;,&#8221; rt_tablet_paddings=&#8221;,,,&#8221; rt_tablet_wrapper_paddings=&#8221;,,,&#8221; rt_sp_margins=&#8221;,&#8221; rt_sp_paddings=&#8221;,,,&#8221; rt_sp_wrapper_paddings=&#8221;,,,&#8221; rt_bg_color=&#8221;&#8221; rt_bg_overlay_color=&#8221;&#8221;][vc_single_image image=&#8221;6318&#8243; img_size=&#8221;full&#8221; el_class=&#8221;serdar&#8221;][\/vc_column][vc_column width=&#8221;3\/4&#8243; rt_bg_effect=&#8221;classic&#8221; rt_bg_image_repeat=&#8221;repeat&#8221; rt_bg_size=&#8221;auto auto&#8221; rt_bg_position=&#8221;right top&#8221; rt_bg_attachment=&#8221;scroll&#8221; rt_class=&#8221;rt-6513151&#8243; rt_margins=&#8221;,&#8221; rt_paddings=&#8221;,,,&#8221; rt_wrapper_paddings=&#8221;,,,&#8221; rt_tablet_margins=&#8221;,&#8221; rt_tablet_paddings=&#8221;,,,&#8221; rt_tablet_wrapper_paddings=&#8221;,,,&#8221; rt_sp_margins=&#8221;,&#8221; [&hellip;]<\/p>\n","protected":false},"author":5,"featured_media":0,"parent":0,"menu_order":0,"comment_status":"closed","ping_status":"closed","template":"","meta":{"footnotes":""},"class_list":["post-943","page","type-page","status-publish","hentry"],"aioseo_notices":[],"_links":{"self":[{"href":"https:\/\/hrw.com.tr\/tr\/wp-json\/wp\/v2\/pages\/943","targetHints":{"allow":["GET"]}}],"collection":[{"href":"https:\/\/hrw.com.tr\/tr\/wp-json\/wp\/v2\/pages"}],"about":[{"href":"https:\/\/hrw.com.tr\/tr\/wp-json\/wp\/v2\/types\/page"}],"author":[{"embeddable":true,"href":"https:\/\/hrw.com.tr\/tr\/wp-json\/wp\/v2\/users\/5"}],"replies":[{"embeddable":true,"href":"https:\/\/hrw.com.tr\/tr\/wp-json\/wp\/v2\/comments?post=943"}],"version-history":[{"count":16,"href":"https:\/\/hrw.com.tr\/tr\/wp-json\/wp\/v2\/pages\/943\/revisions"}],"predecessor-version":[{"id":6331,"href":"https:\/\/hrw.com.tr\/tr\/wp-json\/wp\/v2\/pages\/943\/revisions\/6331"}],"wp:attachment":[{"href":"https:\/\/hrw.com.tr\/tr\/wp-json\/wp\/v2\/media?parent=943"}],"curies":[{"name":"wp","href":"https:\/\/api.w.org\/{rel}","templated":true}]}}