{"id":946,"date":"2020-11-30T01:33:17","date_gmt":"2020-11-29T22:33:17","guid":{"rendered":"https:\/\/hrw.com.tr\/?page_id=946"},"modified":"2025-03-03T20:19:18","modified_gmt":"2025-03-03T17:19:18","slug":"kariyer","status":"publish","type":"page","link":"https:\/\/hrw.com.tr\/tr\/kariyer\/","title":{"rendered":"Kariyer"},"content":{"rendered":"<p>[vc_row rt_row_background_width=&#8221;fullwidth&#8221; rt_row_content_width=&#8221;default&#8221; rt_row_style=&#8221;default-style&#8221; rt_row_height=&#8221;&#8221; rt_column_gaps=&#8221;&#8221; rt_row_shadows=&#8221;&#8221; rt_row_borders=&#8221;&#8221; rt_bg_effect=&#8221;classic&#8221; rt_bg_image_repeat=&#8221;repeat&#8221; rt_bg_size=&#8221;cover&#8221; rt_bg_position=&#8221;right top&#8221; rt_bg_attachment=&#8221;scroll&#8221; rt_bg_layer=&#8221;&#8221; rt_bg_video_format=&#8221;self-hosted&#8221;][vc_column rt_bg_effect=&#8221;classic&#8221; rt_bg_image_repeat=&#8221;repeat&#8221; rt_bg_size=&#8221;auto auto&#8221; rt_bg_position=&#8221;right top&#8221; rt_bg_attachment=&#8221;scroll&#8221;][vc_column_text]<\/p>\n<p style=\"text-align: center;\"><span style=\"color: #384c67;\"><strong><span style=\"font-size: 30px;\">Kariyer F\u0131rsatlar\u0131<\/span><\/strong><\/span><\/p>\n<p>[\/vc_column_text][vc_column_text css=&#8221;.vc_custom_1606689190291{margin-right: 15px !important;margin-left: 15px !important;padding-top: 25px !important;padding-right: 10px !important;padding-bottom: 25px !important;padding-left: 10px !important;background-color: #384c67 !important;border-radius: 5px !important;}&#8221; el_class=&#8221;justify&#8221;]<span style=\"color: #ffffff;\">A\u00e7\u0131k pozisyonlar\u0131m\u0131z\u0131 i\u00e7eren yeni i\u015f f\u0131rsatlar\u0131n\u0131, d\u00fczenli olarak g\u00fcncelledi\u011fimiz a\u015fa\u011f\u0131daki ilanlar \u00fczerinden takip edebilirsiniz. Gizlilik ya da \u00e7al\u0131\u015fma yakla\u015f\u0131m\u0131 gibi nedenlerle t\u00fcm pozisyonlar\u0131m\u0131z\u0131 burada yay\u0131nlamamay\u0131 tercih edebiliyoruz. Bu y\u00fczden uygun rollerde haberdar olmak isteyenler, \u201c Genel Ba\u015fvuru \u201c pozisyonunu se\u00e7erek bilgilerini bize ula\u015ft\u0131rabilirler.<\/span><\/p>\n<p><span style=\"color: #ffffff;\">T\u00fcm ba\u015fvuru sahiplerine ilgileri ve g\u00fcvenleri i\u00e7in te\u015fekk\u00fcr ederiz. Bununla birlikte sadece pozisyona uygun ve se\u00e7ti\u011fimiz adaylar\u0131m\u0131zla temasa ge\u00e7ilece\u011fini belirtmek isteriz.<\/span><br \/>\n[\/vc_column_text][vc_column_text]<div class=\"job_listings\" data-location=\"\" data-keywords=\"\" data-show_filters=\"true\" data-show_pagination=\"false\" data-per_page=\"10\" data-orderby=\"featured\" data-order=\"DESC\" data-categories=\"\" data-disable-form-state-storage=\"\" data-featured_first=\"false\" data-post_id=\"946\" >\n<form class=\"job_filters\">\n\t\n\t<div class=\"search_jobs\">\n\t\t\n\t\t<div class=\"search_keywords\">\n\t\t\t<label for=\"search_keywords\">Anahtar Kelimeler<\/label>\n\t\t\t<input type=\"text\" name=\"search_keywords\" id=\"search_keywords\" placeholder=\"Anahtar Kelimeler\" value=\"\" \/>\n\t\t<\/div>\n\n\t\t<div class=\"search_location\">\n\t\t\t<label for=\"search_location\">Lokasyon<\/label>\n\t\t\t<input type=\"text\" name=\"search_location\" id=\"search_location\" placeholder=\"Lokasyon\" value=\"\" \/>\n\t\t<\/div>\n\n\t\t\t\t\t<div class=\"search_remote_position\">\n\t\t\t\t<input type=\"checkbox\" class=\"input-checkbox\" name=\"remote_position\" id=\"remote_position\" placeholder=\"Lokasyon\" value=\"1\"  \/>\n\t\t\t\t<label for=\"remote_position\" id=\"remote_position_label\">Remote positions only<\/label>\n\t\t\t<\/div>\n\t\t\n\t\t<div style=\"clear: both\"><\/div>\n\n\t\t\n\t\t\t\t\t<div class=\"search_submit\">\n\t\t\t\t<input type=\"submit\" value=\"\u0130\u015f ara\">\n\t\t\t<\/div>\n\t\t\n\t\t\t<\/div>\n\n\t\t<ul class=\"job_types\">\n\t\t\t<\/ul>\n\t<input type=\"hidden\" name=\"filter_job_type[]\" value=\"\" \/>\n<div class=\"showing_jobs\"><\/div><\/form>\n\n\n<noscript>Taray\u0131c\u0131n\u0131z JavaScript desteklemiyor ya da JavaScript&rsquo;i devre d\u0131\u015f\u0131 b\u0131rakm\u0131\u015f. \u0130lanlar\u0131 g\u00f6rebilmek i\u00e7in JavaScript aktif olmal\u0131d\u0131r.<\/noscript>\n<ul class=\"job_listings\">\n<\/ul>\n<a class=\"load_more_jobs\" href=\"#\" style=\"display:none;\"><strong>Daha fazla ilan<\/strong><\/a><\/div>[\/vc_column_text][\/vc_column][\/vc_row]<\/p>\n","protected":false},"excerpt":{"rendered":"<p>[vc_row rt_row_background_width=&#8221;fullwidth&#8221; rt_row_content_width=&#8221;default&#8221; rt_row_style=&#8221;default-style&#8221; rt_row_height=&#8221;&#8221; rt_column_gaps=&#8221;&#8221; rt_row_shadows=&#8221;&#8221; rt_row_borders=&#8221;&#8221; rt_bg_effect=&#8221;classic&#8221; rt_bg_image_repeat=&#8221;repeat&#8221; rt_bg_size=&#8221;cover&#8221; rt_bg_position=&#8221;right top&#8221; rt_bg_attachment=&#8221;scroll&#8221; rt_bg_layer=&#8221;&#8221; rt_bg_video_format=&#8221;self-hosted&#8221;][vc_column rt_bg_effect=&#8221;classic&#8221; rt_bg_image_repeat=&#8221;repeat&#8221; rt_bg_size=&#8221;auto auto&#8221; rt_bg_position=&#8221;right top&#8221; rt_bg_attachment=&#8221;scroll&#8221;][vc_column_text] Kariyer F\u0131rsatlar\u0131 [\/vc_column_text][vc_column_text css=&#8221;.vc_custom_1606689190291{margin-right: 15px !important;margin-left: 15px !important;padding-top: 25px !important;padding-right: 10px !important;padding-bottom: 25px !important;padding-left: 10px !important;background-color: #384c67 !important;border-radius: 5px !important;}&#8221; el_class=&#8221;justify&#8221;]A\u00e7\u0131k pozisyonlar\u0131m\u0131z\u0131 i\u00e7eren yeni i\u015f f\u0131rsatlar\u0131n\u0131, d\u00fczenli olarak g\u00fcncelledi\u011fimiz a\u015fa\u011f\u0131daki ilanlar \u00fczerinden [&hellip;]<\/p>\n","protected":false},"author":5,"featured_media":0,"parent":0,"menu_order":0,"comment_status":"closed","ping_status":"closed","template":"","meta":{"footnotes":""},"class_list":["post-946","page","type-page","status-publish","hentry"],"aioseo_notices":[],"_links":{"self":[{"href":"https:\/\/hrw.com.tr\/tr\/wp-json\/wp\/v2\/pages\/946","targetHints":{"allow":["GET"]}}],"collection":[{"href":"https:\/\/hrw.com.tr\/tr\/wp-json\/wp\/v2\/pages"}],"about":[{"href":"https:\/\/hrw.com.tr\/tr\/wp-json\/wp\/v2\/types\/page"}],"author":[{"embeddable":true,"href":"https:\/\/hrw.com.tr\/tr\/wp-json\/wp\/v2\/users\/5"}],"replies":[{"embeddable":true,"href":"https:\/\/hrw.com.tr\/tr\/wp-json\/wp\/v2\/comments?post=946"}],"version-history":[{"count":9,"href":"https:\/\/hrw.com.tr\/tr\/wp-json\/wp\/v2\/pages\/946\/revisions"}],"predecessor-version":[{"id":6178,"href":"https:\/\/hrw.com.tr\/tr\/wp-json\/wp\/v2\/pages\/946\/revisions\/6178"}],"wp:attachment":[{"href":"https:\/\/hrw.com.tr\/tr\/wp-json\/wp\/v2\/media?parent=946"}],"curies":[{"name":"wp","href":"https:\/\/api.w.org\/{rel}","templated":true}]}}