{"id":949,"date":"2020-11-30T01:45:35","date_gmt":"2020-11-29T22:45:35","guid":{"rendered":"https:\/\/hrw.com.tr\/?page_id=949"},"modified":"2025-03-04T15:55:24","modified_gmt":"2025-03-04T12:55:24","slug":"yonetici-arastirma","status":"publish","type":"page","link":"https:\/\/hrw.com.tr\/tr\/yonetici-arastirma\/","title":{"rendered":"Y\u00f6netici Ara\u015ft\u0131rma"},"content":{"rendered":"<p>[vc_section][vc_row rt_row_background_width=&#8221;fullwidth&#8221; rt_row_content_width=&#8221;default&#8221; rt_row_style=&#8221;default-style&#8221; rt_row_height=&#8221;&#8221; rt_column_view=&#8221;equal_heights&#8221; rt_column_gaps=&#8221;&#8221; rt_row_shadows=&#8221;&#8221; rt_row_borders=&#8221;&#8221; rt_bg_effect=&#8221;classic&#8221; rt_bg_image_repeat=&#8221;repeat&#8221; rt_bg_size=&#8221;cover&#8221; rt_bg_position=&#8221;right top&#8221; rt_bg_attachment=&#8221;scroll&#8221; rt_bg_layer=&#8221;&#8221; rt_bg_video_format=&#8221;self-hosted&#8221; rt_class=&#8221;rt-8323787&#8243; rt_paddings=&#8221;0,0,,&#8221; rt_margins=&#8221;,50,,&#8221; rt_content_margins=&#8221;,,,&#8221; rt_tablet_paddings=&#8221;,,,&#8221; rt_tablet_margins=&#8221;,,,&#8221; rt_tablet_content_margins=&#8221;,,,&#8221; rt_sp_paddings=&#8221;,,,&#8221; rt_sp_margins=&#8221;,,,&#8221; rt_sp_content_margins=&#8221;,,,&#8221;][vc_column css_animation=&#8221;fadeInLeft&#8221; width=&#8221;1\/3&#8243; rt_bg_effect=&#8221;classic&#8221; rt_bg_image_repeat=&#8221;repeat&#8221; rt_bg_size=&#8221;auto auto&#8221; rt_bg_position=&#8221;right top&#8221; rt_bg_attachment=&#8221;scroll&#8221; rt_class=&#8221;rt-3834842&#8243; rt_margins=&#8221;,&#8221; rt_paddings=&#8221;35,,,&#8221; rt_wrapper_paddings=&#8221;,,,&#8221; rt_tablet_margins=&#8221;,&#8221; rt_tablet_paddings=&#8221;,,,&#8221; rt_tablet_wrapper_paddings=&#8221;,,,&#8221; rt_sp_margins=&#8221;,&#8221; rt_sp_paddings=&#8221;,,,&#8221; rt_sp_wrapper_paddings=&#8221;,,,&#8221; rt_bg_color=&#8221;#384c67&#8243; rt_bg_overlay_color=&#8221;&#8221;][vc_column_text]<span style=\"font-size: 55px; color: #ffffff; line-height: 44px;\">Y\u00f6netici Ara\u015ft\u0131rma<\/span><\/p>\n<p><span style=\"font-size: 25px; color: #ffffff; line-height: 24px;\"> End\u00fcstriyel Sekt\u00f6rlerde<br \/>\nT\u00fcm Fonksiyonlarda<\/span><\/p>\n<p><span style=\"color: #ffffff;\">HRWorks Consultancy olarak 2011 y\u0131l\u0131ndan itibaren \u00f6zellikle m\u00fchendislik temelli sekt\u00f6rlerde faaliyet g\u00f6steren firmalara orta ve \u00fcst \u00fcst\u00fc d\u00fczey y\u00f6netici ara\u015ft\u0131rma ve yerle\u015ftirme konular\u0131nda dan\u0131\u015fmanl\u0131k hizmeti sunmaktay\u0131z.<\/span><\/p>\n<p><span style=\"color: #ffffff;\">Y\u00f6netici ara\u015ft\u0131rma ve yerle\u015ftirme faaliyetlerimizde, uzmanl\u0131\u011f\u0131m\u0131z ve odak noktam\u0131z daha \u00e7ok m\u00fchendisli\u011fe dayal\u0131; end\u00fcstriyel in\u015faat, enerji, otomotiv, kimya, yap\u0131 malzemeleri, elektronik, teknoloji, h\u0131zl\u0131 t\u00fcketim \u00fcr\u00fcnleri, tar\u0131m ve hayvanc\u0131l\u0131k gibi reel sekt\u00f6rlerdir. Bu sekt\u00f6rlerde faaliyet g\u00f6steren se\u00e7kin \u015firketlerin sat\u0131\u015f, pazarlama, finans, \u00fcretim, tedarik zinciri, idari ve destek hizmetler gibi t\u00fcm fonksiyonlar\u0131nda y\u00f6netici ara\u015ft\u0131rma ve yerle\u015ftirme s\u00fcre\u00e7lerinde butik olarak hizmet sunuyoruz. <\/span>[\/vc_column_text][\/vc_column][vc_column css_animation=&#8221;fadeInDown&#8221; width=&#8221;1\/3&#8243; rt_bg_effect=&#8221;classic&#8221; rt_bg_image_repeat=&#8221;repeat&#8221; rt_bg_size=&#8221;auto auto&#8221; rt_bg_position=&#8221;right top&#8221; rt_bg_attachment=&#8221;scroll&#8221; rt_class=&#8221;rt-2772670&#8243; rt_margins=&#8221;,&#8221; rt_paddings=&#8221;75,75,,&#8221; rt_wrapper_paddings=&#8221;,,,&#8221; rt_tablet_margins=&#8221;,&#8221; rt_tablet_paddings=&#8221;,,,&#8221; rt_tablet_wrapper_paddings=&#8221;,,,&#8221; rt_sp_margins=&#8221;,&#8221; rt_sp_paddings=&#8221;,,,&#8221; rt_sp_wrapper_paddings=&#8221;,,,&#8221; rt_bg_color=&#8221;&#8221; rt_bg_overlay_color=&#8221;&#8221; class=&#8221;yarim&#8221; offset=&#8221;vc_hidden-xs&#8221;][vc_single_image image=&#8221;846&#8243; img_size=&#8221;full&#8221;][\/vc_column][vc_column css_animation=&#8221;fadeInRight&#8221; width=&#8221;1\/3&#8243; rt_bg_effect=&#8221;classic&#8221; rt_bg_image_repeat=&#8221;repeat&#8221; rt_bg_size=&#8221;auto auto&#8221; rt_bg_position=&#8221;right top&#8221; rt_bg_attachment=&#8221;scroll&#8221; rt_class=&#8221;rt-2021721&#8243; rt_margins=&#8221;,&#8221; rt_paddings=&#8221;35,,,&#8221; rt_wrapper_paddings=&#8221;,,,&#8221; rt_tablet_margins=&#8221;,&#8221; rt_tablet_paddings=&#8221;,,,&#8221; rt_tablet_wrapper_paddings=&#8221;,,,&#8221; rt_sp_margins=&#8221;,&#8221; rt_sp_paddings=&#8221;,,,&#8221; rt_sp_wrapper_paddings=&#8221;,,,&#8221; rt_bg_color=&#8221;&#8221; rt_bg_overlay_color=&#8221;&#8221;][vc_column_text]<\/p>\n<h4 class=\"baslik-mavi\" style=\"color: #384c67;\"><span class=\"arkaplan-gri\">HRWORKS<\/span> nas\u0131l \u00e7al\u0131\u015f\u0131r?<\/h4>\n<p>\u0130\u015fe al\u0131m yakla\u015f\u0131m\u0131m\u0131z daha \u00e7ok destekleyici, ara\u015ft\u0131rma bazl\u0131 ve sonu\u00e7 odakl\u0131d\u0131r. Proaktif ve sistematik olarak s\u00f6zkonusu pozisyon i\u00e7in uygun olabilecek en do\u011fru adaylar\u0131 ara\u015ft\u0131r\u0131yoruz.<\/p>\n<p>Ara\u015ft\u0131rmaya ba\u015flamadan \u00f6nce \u00f6nemli miktarda zaman\u0131m\u0131z\u0131 m\u00fc\u015fterimizin sekt\u00f6r, firma organizasyon yap\u0131s\u0131, rakip analizi ve pozisyondan beklentiler ile departman i\u00e7i dengeleri analiz etmeye ay\u0131r\u0131r\u0131z. Pozisyondan beklenilen gereklilikler ve i\u015f sonu\u00e7lar\u0131 do\u011frultusunda performans\u0131 en y\u00fcksek adaylar\u0131 belirlerken, \u00e7al\u0131\u015fmalar\u0131m\u0131z s\u00fcresince, nitelikli adaylar\u0131n kuruma kazand\u0131r\u0131lmas\u0131 y\u00f6n\u00fcnden \u015firket \u00fcst y\u00f6netimini destekleriz.<\/p>\n<p class=\"228bf8a64b8551e1MsoNormal\"><span lang=\"EN-GB\">Ara\u015ft\u0131rma boyunca d\u00fczenli olarak \u015firketinizin i\u015fg\u00fcc\u00fc piyasas\u0131ndaki i\u015fveren marka alg\u0131s\u0131, benzer pozisyonlardaki g\u00fcncel \u00fccret trendleri ve en uygun adaylar\u0131 kurumunuza kazand\u0131rmada \u00f6nemli buldu\u011fumuz hususlarda bilgilendiririz.<br \/>\n<\/span><\/p>\n<p>[\/vc_column_text]<div class=\"button_wrapper  arrow\"><a href=\"https:\/\/hrw.com.tr\/tr\/iletisim\/\" target=\"_self\" title=\"\u0130LET\u0130\u015e\u0130M\" class=\"button_  custom medium rt-2963664\"><span><span>\u0130LET\u0130\u015e\u0130M<\/span><\/span><\/a><\/div>[\/vc_column][\/vc_row][\/vc_section][vc_row rt_row_background_width=&#8221;fullwidth&#8221; rt_row_content_width=&#8221;default&#8221; rt_row_style=&#8221;default-style&#8221; rt_row_height=&#8221;&#8221; rt_column_gaps=&#8221;&#8221; rt_row_shadows=&#8221;&#8221; rt_row_borders=&#8221;&#8221; rt_bg_effect=&#8221;classic&#8221; rt_bg_image_repeat=&#8221;repeat&#8221; rt_bg_size=&#8221;cover&#8221; rt_bg_position=&#8221;right top&#8221; rt_bg_attachment=&#8221;scroll&#8221; rt_bg_layer=&#8221;&#8221; rt_bg_video_format=&#8221;self-hosted&#8221;][vc_column rt_bg_effect=&#8221;classic&#8221; rt_bg_image_repeat=&#8221;repeat&#8221; rt_bg_size=&#8221;auto auto&#8221; rt_bg_position=&#8221;right top&#8221; rt_bg_attachment=&#8221;scroll&#8221;][vc_column_text]<\/p>\n<p>[\/vc_column_text][\/vc_column][\/vc_row]<\/p>\n","protected":false},"excerpt":{"rendered":"<p>[vc_section][vc_row rt_row_background_width=&#8221;fullwidth&#8221; rt_row_content_width=&#8221;default&#8221; rt_row_style=&#8221;default-style&#8221; rt_row_height=&#8221;&#8221; rt_column_view=&#8221;equal_heights&#8221; rt_column_gaps=&#8221;&#8221; rt_row_shadows=&#8221;&#8221; rt_row_borders=&#8221;&#8221; rt_bg_effect=&#8221;classic&#8221; rt_bg_image_repeat=&#8221;repeat&#8221; rt_bg_size=&#8221;cover&#8221; rt_bg_position=&#8221;right top&#8221; rt_bg_attachment=&#8221;scroll&#8221; rt_bg_layer=&#8221;&#8221; rt_bg_video_format=&#8221;self-hosted&#8221; rt_class=&#8221;rt-8323787&#8243; rt_paddings=&#8221;0,0,,&#8221; rt_margins=&#8221;,50,,&#8221; rt_content_margins=&#8221;,,,&#8221; rt_tablet_paddings=&#8221;,,,&#8221; rt_tablet_margins=&#8221;,,,&#8221; rt_tablet_content_margins=&#8221;,,,&#8221; rt_sp_paddings=&#8221;,,,&#8221; rt_sp_margins=&#8221;,,,&#8221; rt_sp_content_margins=&#8221;,,,&#8221;][vc_column css_animation=&#8221;fadeInLeft&#8221; width=&#8221;1\/3&#8243; rt_bg_effect=&#8221;classic&#8221; rt_bg_image_repeat=&#8221;repeat&#8221; rt_bg_size=&#8221;auto auto&#8221; rt_bg_position=&#8221;right top&#8221; rt_bg_attachment=&#8221;scroll&#8221; rt_class=&#8221;rt-3834842&#8243; rt_margins=&#8221;,&#8221; rt_paddings=&#8221;35,,,&#8221; rt_wrapper_paddings=&#8221;,,,&#8221; rt_tablet_margins=&#8221;,&#8221; rt_tablet_paddings=&#8221;,,,&#8221; rt_tablet_wrapper_paddings=&#8221;,,,&#8221; rt_sp_margins=&#8221;,&#8221; rt_sp_paddings=&#8221;,,,&#8221; rt_sp_wrapper_paddings=&#8221;,,,&#8221; rt_bg_color=&#8221;#384c67&#8243; rt_bg_overlay_color=&#8221;&#8221;][vc_column_text]Y\u00f6netici Ara\u015ft\u0131rma End\u00fcstriyel Sekt\u00f6rlerde T\u00fcm Fonksiyonlarda HRWorks Consultancy [&hellip;]<\/p>\n","protected":false},"author":5,"featured_media":0,"parent":0,"menu_order":0,"comment_status":"closed","ping_status":"closed","template":"","meta":{"footnotes":""},"class_list":["post-949","page","type-page","status-publish","hentry"],"aioseo_notices":[],"_links":{"self":[{"href":"https:\/\/hrw.com.tr\/tr\/wp-json\/wp\/v2\/pages\/949","targetHints":{"allow":["GET"]}}],"collection":[{"href":"https:\/\/hrw.com.tr\/tr\/wp-json\/wp\/v2\/pages"}],"about":[{"href":"https:\/\/hrw.com.tr\/tr\/wp-json\/wp\/v2\/types\/page"}],"author":[{"embeddable":true,"href":"https:\/\/hrw.com.tr\/tr\/wp-json\/wp\/v2\/users\/5"}],"replies":[{"embeddable":true,"href":"https:\/\/hrw.com.tr\/tr\/wp-json\/wp\/v2\/comments?post=949"}],"version-history":[{"count":14,"href":"https:\/\/hrw.com.tr\/tr\/wp-json\/wp\/v2\/pages\/949\/revisions"}],"predecessor-version":[{"id":6188,"href":"https:\/\/hrw.com.tr\/tr\/wp-json\/wp\/v2\/pages\/949\/revisions\/6188"}],"wp:attachment":[{"href":"https:\/\/hrw.com.tr\/tr\/wp-json\/wp\/v2\/media?parent=949"}],"curies":[{"name":"wp","href":"https:\/\/api.w.org\/{rel}","templated":true}]}}