{"id":955,"date":"2020-11-30T01:52:14","date_gmt":"2020-11-29T22:52:14","guid":{"rendered":"https:\/\/hrw.com.tr\/?page_id=955"},"modified":"2025-05-07T09:53:27","modified_gmt":"2025-05-07T06:53:27","slug":"proje-bazli-yoneticilik","status":"publish","type":"page","link":"https:\/\/hrw.com.tr\/tr\/proje-bazli-yoneticilik\/","title":{"rendered":"Proje Bazl\u0131 Y\u00f6neticilik"},"content":{"rendered":"<p>[vc_section][vc_row rt_row_background_width=&#8221;fullwidth&#8221; rt_row_content_width=&#8221;default&#8221; rt_row_style=&#8221;default-style&#8221; rt_row_height=&#8221;&#8221; rt_column_view=&#8221;equal_heights&#8221; rt_column_gaps=&#8221;&#8221; rt_row_shadows=&#8221;&#8221; rt_row_borders=&#8221;&#8221; rt_bg_effect=&#8221;classic&#8221; rt_bg_image_repeat=&#8221;repeat&#8221; rt_bg_size=&#8221;cover&#8221; rt_bg_position=&#8221;right top&#8221; rt_bg_attachment=&#8221;scroll&#8221; rt_bg_layer=&#8221;&#8221; rt_bg_video_format=&#8221;self-hosted&#8221; rt_class=&#8221;rt-8323787&#8243; rt_paddings=&#8221;0,0,,&#8221; rt_margins=&#8221;,50,,&#8221; rt_content_margins=&#8221;,,,&#8221; rt_tablet_paddings=&#8221;,,,&#8221; rt_tablet_margins=&#8221;,,,&#8221; rt_tablet_content_margins=&#8221;,,,&#8221; rt_sp_paddings=&#8221;,,,&#8221; rt_sp_margins=&#8221;,,,&#8221; rt_sp_content_margins=&#8221;,,,&#8221;][vc_column css_animation=&#8221;fadeInLeft&#8221; width=&#8221;1\/3&#8243; rt_bg_effect=&#8221;classic&#8221; rt_bg_image_repeat=&#8221;repeat&#8221; rt_bg_size=&#8221;auto auto&#8221; rt_bg_position=&#8221;right top&#8221; rt_bg_attachment=&#8221;scroll&#8221; rt_class=&#8221;rt-3834842&#8243; rt_margins=&#8221;,&#8221; rt_paddings=&#8221;35,,,&#8221; rt_wrapper_paddings=&#8221;,,,&#8221; rt_tablet_margins=&#8221;,&#8221; rt_tablet_paddings=&#8221;,,,&#8221; rt_tablet_wrapper_paddings=&#8221;,,,&#8221; rt_sp_margins=&#8221;,&#8221; rt_sp_paddings=&#8221;,,,&#8221; rt_sp_wrapper_paddings=&#8221;,,,&#8221; rt_bg_color=&#8221;#384c67&#8243; rt_bg_overlay_color=&#8221;&#8221;][vc_column_text]<\/p>\n<h3><span style=\"margin-top: -25px; font-size: 35px; color: #ffffff; line-height: 40px;\"><b>\u0130htiya\u00e7 an\u0131nda<\/b><br \/>\n<b>\u0130K Projeleri<\/b> \u0130\u015fbirlikteli\u011fi<\/span><\/h3>\n<p><span style=\"font-size: 22px; font-weight: 800; line-height: 40px; color: #ffffff; text-align: left; display: block;\">Bu ne anlama gelmektedir?<\/span><\/p>\n<p><span style=\"color: #ffffff;\">\u0130nsan kaynaklar\u0131 y\u00f6netiminde ihtiyac\u0131n\u0131z olan uzmanl\u0131\u011f\u0131 istenilen zamanda sa\u011flamak demektir.<\/span><\/p>\n<p><span style=\"color: #ffffff;\">Bir \u015firkete zaman\u0131n\u0131n tamam\u0131n\u0131 satmak anlam\u0131na gelen, sabit bir \u00fccret kar\u015f\u0131l\u0131\u011f\u0131 o \u015firketin bordrosunda yeralmak anlay\u0131\u015f\u0131, yerini talebe ba\u011fl\u0131 olarak katma de\u011fer yaratma anlay\u0131\u015f\u0131na b\u0131rak\u0131yor. Art\u0131k i\u015f hayat\u0131nda esnek i\u015fg\u00fcc\u00fc, teknolojik altyap\u0131 ile birle\u015fince i\u015fveren ve \u00e7al\u0131\u015fan a\u00e7\u0131s\u0131ndan farkl\u0131 bir dinamik yarat\u0131yor.<\/span><\/p>\n<p><span style=\"color: #ffffff;\"><strong>Hrworks ne sa\u011fl\u0131yor?<\/strong><\/span><\/p>\n<p><span style=\"color: #ffffff;\">\u0130nsan kaynaklar\u0131 y\u00f6netiminde uzmanl\u0131k gerektiren konulardaki bilgi ve deneyimi, ihtiya\u00e7 duydu\u011funuz anda ve istedi\u011finiz s\u00fcre boyunca sizlere sa\u011fl\u0131yor. <\/span>[\/vc_column_text][\/vc_column][vc_column css_animation=&#8221;fadeInDown&#8221; width=&#8221;1\/3&#8243; rt_bg_effect=&#8221;classic&#8221; rt_bg_image_repeat=&#8221;repeat&#8221; rt_bg_size=&#8221;auto auto&#8221; rt_bg_position=&#8221;right top&#8221; rt_bg_attachment=&#8221;scroll&#8221; rt_class=&#8221;rt-9351033&#8243; rt_margins=&#8221;,&#8221; rt_paddings=&#8221;75,75,,&#8221; rt_wrapper_paddings=&#8221;,,,&#8221; rt_tablet_margins=&#8221;,&#8221; rt_tablet_paddings=&#8221;,,,&#8221; rt_tablet_wrapper_paddings=&#8221;,,,&#8221; rt_sp_margins=&#8221;,&#8221; rt_sp_paddings=&#8221;,,,&#8221; rt_sp_wrapper_paddings=&#8221;,,,&#8221; rt_bg_color=&#8221;&#8221; rt_bg_overlay_color=&#8221;&#8221; class=&#8221;yarim&#8221; offset=&#8221;vc_hidden-xs&#8221;][vc_single_image image=&#8221;643&#8243; img_size=&#8221;full&#8221; css=&#8221;.vc_custom_1598473205855{border-top-width: 10px !important;border-right-width: 10px !important;border-bottom-width: 10px !important;border-left-width: 10px !important;border-left-color: #ffffff !important;border-left-style: solid !important;border-right-color: #ffffff !important;border-right-style: solid !important;border-top-color: #ffffff !important;border-top-style: solid !important;border-bottom-color: #ffffff !important;border-bottom-style: solid !important;}&#8221;][\/vc_column][vc_column css_animation=&#8221;fadeInRight&#8221; width=&#8221;1\/3&#8243; rt_bg_effect=&#8221;classic&#8221; rt_bg_image_repeat=&#8221;repeat&#8221; rt_bg_size=&#8221;auto auto&#8221; rt_bg_position=&#8221;right top&#8221; rt_bg_attachment=&#8221;scroll&#8221; rt_class=&#8221;rt-2021721&#8243; rt_margins=&#8221;,&#8221; rt_paddings=&#8221;35,,,&#8221; rt_wrapper_paddings=&#8221;,,,&#8221; rt_tablet_margins=&#8221;,&#8221; rt_tablet_paddings=&#8221;,,,&#8221; rt_tablet_wrapper_paddings=&#8221;,,,&#8221; rt_sp_margins=&#8221;,&#8221; rt_sp_paddings=&#8221;,,,&#8221; rt_sp_wrapper_paddings=&#8221;,,,&#8221; rt_bg_color=&#8221;&#8221; rt_bg_overlay_color=&#8221;&#8221;][vc_column_text]<\/p>\n<h3 class=\"baslik-mavi\">\u0130\u015fverenlerin avantaj\u0131na olan nedir?<\/h3>\n<p>\u015eirketler tam zamanl\u0131 y\u00f6neticiler i\u015fe alarak, o ki\u015finin zaman\u0131n\u0131n tamam\u0131n\u0131 sat\u0131n al\u0131yor ve o zaman dilimi i\u00e7inde personeli verimli \u00e7al\u0131\u015ft\u0131rmaya \u00e7abal\u0131yorlar. Ancak \u015firketler bunda k\u0131smen veya bazen ba\u015far\u0131l\u0131 olabiliyor. Yeni modelde ise b\u00f6yle bir sorun bulunmuyor.<\/p>\n<p>Y\u00f6netici, \u00fcretti\u011fi katma de\u011feri tan\u0131mlay\u0131p ortaya koyuyor, i\u015fveren ise bu katma de\u011fere ihtiyac\u0131 oldu\u011funu d\u00fc\u015f\u00fcn\u00fcyorsa kar\u015f\u0131l\u0131kl\u0131 olarak \u015fartlarda anla\u015f\u0131p el s\u0131k\u0131\u015f\u0131yor. B\u00f6ylece \u015firketler uzmanl\u0131k gerektiren konulardaki bilgi ve deneyimi hem ihtiya\u00e7 duyduklar\u0131 anda hem de ihtiya\u00e7lar\u0131 s\u00fcresince b\u00fcnyelerine katm\u0131\u015f oluyorlar.<\/p>\n<p>Ayr\u0131ca kriz d\u00f6nemlerindeki belirsizli\u011fi de daha rahat ve esnek bir \u015fekilde y\u00f6netebilmi\u015f oluyorlar.[\/vc_column_text]<div class=\"button_wrapper  arrow\"><a href=\"https:\/\/hrw.com.tr\/tr\/iletisim\/\" target=\"_self\" title=\"\u0130LET\u0130\u015e\u0130M\" class=\"button_  custom medium rt-3093419\"><span><span>\u0130LET\u0130\u015e\u0130M<\/span><\/span><\/a><\/div>[\/vc_column][\/vc_row][\/vc_section]<\/p>\n","protected":false},"excerpt":{"rendered":"<p>[vc_section][vc_row rt_row_background_width=&#8221;fullwidth&#8221; rt_row_content_width=&#8221;default&#8221; rt_row_style=&#8221;default-style&#8221; rt_row_height=&#8221;&#8221; rt_column_view=&#8221;equal_heights&#8221; rt_column_gaps=&#8221;&#8221; rt_row_shadows=&#8221;&#8221; rt_row_borders=&#8221;&#8221; rt_bg_effect=&#8221;classic&#8221; rt_bg_image_repeat=&#8221;repeat&#8221; rt_bg_size=&#8221;cover&#8221; rt_bg_position=&#8221;right top&#8221; rt_bg_attachment=&#8221;scroll&#8221; rt_bg_layer=&#8221;&#8221; rt_bg_video_format=&#8221;self-hosted&#8221; rt_class=&#8221;rt-8323787&#8243; rt_paddings=&#8221;0,0,,&#8221; rt_margins=&#8221;,50,,&#8221; rt_content_margins=&#8221;,,,&#8221; rt_tablet_paddings=&#8221;,,,&#8221; rt_tablet_margins=&#8221;,,,&#8221; rt_tablet_content_margins=&#8221;,,,&#8221; rt_sp_paddings=&#8221;,,,&#8221; rt_sp_margins=&#8221;,,,&#8221; rt_sp_content_margins=&#8221;,,,&#8221;][vc_column css_animation=&#8221;fadeInLeft&#8221; width=&#8221;1\/3&#8243; rt_bg_effect=&#8221;classic&#8221; rt_bg_image_repeat=&#8221;repeat&#8221; rt_bg_size=&#8221;auto auto&#8221; rt_bg_position=&#8221;right top&#8221; rt_bg_attachment=&#8221;scroll&#8221; rt_class=&#8221;rt-3834842&#8243; rt_margins=&#8221;,&#8221; rt_paddings=&#8221;35,,,&#8221; rt_wrapper_paddings=&#8221;,,,&#8221; rt_tablet_margins=&#8221;,&#8221; rt_tablet_paddings=&#8221;,,,&#8221; rt_tablet_wrapper_paddings=&#8221;,,,&#8221; rt_sp_margins=&#8221;,&#8221; rt_sp_paddings=&#8221;,,,&#8221; rt_sp_wrapper_paddings=&#8221;,,,&#8221; rt_bg_color=&#8221;#384c67&#8243; rt_bg_overlay_color=&#8221;&#8221;][vc_column_text] \u0130htiya\u00e7 an\u0131nda \u0130K Projeleri \u0130\u015fbirlikteli\u011fi Bu ne [&hellip;]<\/p>\n","protected":false},"author":5,"featured_media":0,"parent":0,"menu_order":0,"comment_status":"closed","ping_status":"closed","template":"","meta":{"footnotes":""},"class_list":["post-955","page","type-page","status-publish","hentry"],"aioseo_notices":[],"_links":{"self":[{"href":"https:\/\/hrw.com.tr\/tr\/wp-json\/wp\/v2\/pages\/955","targetHints":{"allow":["GET"]}}],"collection":[{"href":"https:\/\/hrw.com.tr\/tr\/wp-json\/wp\/v2\/pages"}],"about":[{"href":"https:\/\/hrw.com.tr\/tr\/wp-json\/wp\/v2\/types\/page"}],"author":[{"embeddable":true,"href":"https:\/\/hrw.com.tr\/tr\/wp-json\/wp\/v2\/users\/5"}],"replies":[{"embeddable":true,"href":"https:\/\/hrw.com.tr\/tr\/wp-json\/wp\/v2\/comments?post=955"}],"version-history":[{"count":18,"href":"https:\/\/hrw.com.tr\/tr\/wp-json\/wp\/v2\/pages\/955\/revisions"}],"predecessor-version":[{"id":6219,"href":"https:\/\/hrw.com.tr\/tr\/wp-json\/wp\/v2\/pages\/955\/revisions\/6219"}],"wp:attachment":[{"href":"https:\/\/hrw.com.tr\/tr\/wp-json\/wp\/v2\/media?parent=955"}],"curies":[{"name":"wp","href":"https:\/\/api.w.org\/{rel}","templated":true}]}}