{"id":968,"date":"2020-12-03T11:27:13","date_gmt":"2020-12-03T08:27:13","guid":{"rendered":"https:\/\/hrw.com.tr\/?page_id=968"},"modified":"2025-03-03T20:15:47","modified_gmt":"2025-03-03T17:15:47","slug":"biz-kimiz","status":"publish","type":"page","link":"https:\/\/hrw.com.tr\/tr\/biz-kimiz\/","title":{"rendered":"Biz Kimiz"},"content":{"rendered":"<div style=\"position: absolute; top: -4316px;\">how to write an essay introduction example <a href=\"https:\/\/paperhelp.nyc\/\">https:\/\/paperhelp.nyc\/<\/a> how to write post address in english<\/div>\n<p>[vc_section][vc_row rt_row_background_width=&#8221;fullwidth&#8221; rt_row_content_width=&#8221;default&#8221; rt_row_style=&#8221;default-style&#8221; rt_row_height=&#8221;&#8221; rt_column_view=&#8221;equal_heights&#8221; rt_column_gaps=&#8221;&#8221; rt_row_shadows=&#8221;&#8221; rt_row_borders=&#8221;&#8221; rt_bg_effect=&#8221;classic&#8221; rt_bg_image_repeat=&#8221;repeat&#8221; rt_bg_size=&#8221;cover&#8221; rt_bg_position=&#8221;right top&#8221; rt_bg_attachment=&#8221;scroll&#8221; rt_bg_layer=&#8221;&#8221; rt_bg_video_format=&#8221;self-hosted&#8221; rt_class=&#8221;rt-8323787&#8243; rt_paddings=&#8221;0,0,,&#8221; rt_margins=&#8221;,50,,&#8221; rt_content_margins=&#8221;,,,&#8221; rt_tablet_paddings=&#8221;,,,&#8221; rt_tablet_margins=&#8221;,,,&#8221; rt_tablet_content_margins=&#8221;,,,&#8221; rt_sp_paddings=&#8221;,,,&#8221; rt_sp_margins=&#8221;,,,&#8221; rt_sp_content_margins=&#8221;,,,&#8221;][vc_column css_animation=&#8221;fadeInLeft&#8221; width=&#8221;1\/3&#8243; rt_bg_effect=&#8221;classic&#8221; rt_bg_image_repeat=&#8221;repeat&#8221; rt_bg_size=&#8221;auto auto&#8221; rt_bg_position=&#8221;right top&#8221; rt_bg_attachment=&#8221;scroll&#8221; rt_class=&#8221;rt-3834842&#8243; rt_margins=&#8221;,&#8221; rt_paddings=&#8221;35,,,&#8221; rt_wrapper_paddings=&#8221;,,,&#8221; rt_tablet_margins=&#8221;,&#8221; rt_tablet_paddings=&#8221;,,,&#8221; rt_tablet_wrapper_paddings=&#8221;,,,&#8221; rt_sp_margins=&#8221;,&#8221; rt_sp_paddings=&#8221;,,,&#8221; rt_sp_wrapper_paddings=&#8221;,,,&#8221; rt_bg_color=&#8221;#384c67&#8243; rt_bg_overlay_color=&#8221;&#8221;][vc_column_text]<span style=\"text-align: left; display: block; font-size: 35px; color: #ffffff; line-height: 40px;\"><b>\u0130K Y\u00f6netimi<\/b> \u0130\u015fbirlikteli\u011fi <\/span><\/p>\n<p><span style=\"color: #ffffff;\">HRWorks Dan\u0131\u015fmanl\u0131k, 2011 y\u0131l\u0131nda kurulmu\u015f, T\u00fcrkiye ve \u00e7evre \u00fclkelerde faaliyet g\u00f6steren se\u00e7kin \u015firketlere, butik olarak, nitelikli y\u00f6netici ara\u015ft\u0131rma ve ihtiya\u00e7 an\u0131nda insan kaynaklar\u0131 projeleri i\u015f birlikteli\u011fi hizmeti sunan \u0130stanbul merkezli bir dan\u0131\u015fmanl\u0131k firmas\u0131d\u0131r.<\/span><\/p>\n<p><span style=\"color: #ffffff;\">Uzmanl\u0131\u011f\u0131m\u0131z olan end\u00fcstriyel sekt\u00f6rlerde temelde T\u00fcrkiye pazar\u0131na yo\u011funla\u015fmakla beraber Do\u011fu Avrupa, Orta Do\u011fu ve Orta Asya\u2019da, \u00f6zellikle otomotiv, enerji, end\u00fcstriyel in\u015faat, yap\u0131 malzemeleri, kimya, elektrik- elektronik, h\u0131zl\u0131 t\u00fcketim \u00fcr\u00fcnleri sekt\u00f6rlerinde a\u011f\u0131rl\u0131kl\u0131 hizmet sunmaktay\u0131z.<\/span><\/p>\n<p><span style=\"color: #ffffff;\">HRWorks, insan kaynaklar\u0131 konusunda uzun y\u0131llar i\u00e7inde edindi\u011fi deneyimlerini, g\u00fc\u00e7l\u00fc ili\u015fki a\u011flar\u0131 ve ara\u015ft\u0131rma becerileri ile birle\u015ftirerek, m\u00fc\u015fterisi olan \u015firketlerle uzun soluklu bir i\u015f ili\u015fkisi i\u00e7inde \u00e7al\u0131\u015f\u0131r ve onlar\u0131n ba\u015far\u0131lar\u0131na hem ihtiya\u00e7 an\u0131nda \u0130K fonksiyon liderli\u011fi hem de nitelikli y\u00f6neticilerin ara\u015ft\u0131r\u0131lmas\u0131 ve yerle\u015ftirilmesi ile katk\u0131da bulunur.<\/span>[\/vc_column_text][\/vc_column][vc_column css_animation=&#8221;fadeInDown&#8221; width=&#8221;1\/3&#8243; rt_bg_effect=&#8221;classic&#8221; rt_bg_image_repeat=&#8221;repeat&#8221; rt_bg_size=&#8221;auto auto&#8221; rt_bg_position=&#8221;right top&#8221; rt_bg_attachment=&#8221;scroll&#8221; rt_class=&#8221;rt-3379702&#8243; rt_margins=&#8221;,&#8221; rt_paddings=&#8221;75,75,,&#8221; rt_wrapper_paddings=&#8221;,,,&#8221; rt_tablet_margins=&#8221;,&#8221; rt_tablet_paddings=&#8221;,,,&#8221; rt_tablet_wrapper_paddings=&#8221;,,,&#8221; rt_sp_margins=&#8221;,&#8221; rt_sp_paddings=&#8221;,,,&#8221; rt_sp_wrapper_paddings=&#8221;,,,&#8221; rt_bg_color=&#8221;&#8221; rt_bg_overlay_color=&#8221;&#8221; class=&#8221;yarim&#8221; offset=&#8221;vc_hidden-xs&#8221;][vc_single_image image=&#8221;688&#8243; img_size=&#8221;full&#8221; css=&#8221;.vc_custom_1598443523389{border-top-width: 10px !important;border-right-width: 10px !important;border-bottom-width: 10px !important;border-left-width: 10px !important;border-left-color: #ffffff !important;border-left-style: solid !important;border-right-color: #ffffff !important;border-right-style: solid !important;border-top-color: #ffffff !important;border-top-style: solid !important;border-bottom-color: #ffffff !important;border-bottom-style: solid !important;}&#8221;][\/vc_column][vc_column css_animation=&#8221;fadeInRight&#8221; width=&#8221;1\/3&#8243; rt_bg_effect=&#8221;classic&#8221; rt_bg_image_repeat=&#8221;repeat&#8221; rt_bg_size=&#8221;auto auto&#8221; rt_bg_position=&#8221;right top&#8221; rt_bg_attachment=&#8221;scroll&#8221; rt_class=&#8221;rt-1653757&#8243; rt_margins=&#8221;,&#8221; rt_paddings=&#8221;35,,,&#8221; rt_wrapper_paddings=&#8221;,,,&#8221; rt_tablet_margins=&#8221;,&#8221; rt_tablet_paddings=&#8221;,,,&#8221; rt_tablet_wrapper_paddings=&#8221;,,,&#8221; rt_sp_margins=&#8221;,&#8221; rt_sp_paddings=&#8221;,,,&#8221; rt_sp_wrapper_paddings=&#8221;,,,&#8221; rt_bg_color=&#8221;&#8221; rt_bg_overlay_color=&#8221;&#8221; css=&#8221;.vc_custom_1598443528660{margin-top: 50px !important;}&#8221;][vc_column_text]<span class=\"baslik-mavi\">Neden HRWORKS?<\/span><\/p>\n<p>Birlikte \u00e7al\u0131\u015ft\u0131\u011f\u0131m\u0131z m\u00fc\u015fterilerimize fark yaratan sonu\u00e7lar sa\u011flayarak b\u00fct\u00fcn projelerimizi <span class=\"mavi-yazi\">g\u00fcvenilirlik odakl\u0131 i\u015f ortakl\u0131klar\u0131na<\/span> d\u00f6n\u00fc\u015ft\u00fcr\u00fcyoruz. Dan\u0131\u015fmanl\u0131k firmas\u0131 olarak pek \u00e7ok \u015firketin k\u00fclt\u00fcr\u00fcn\u00fc, sekt\u00f6r dinamiklerini, i\u015f yapma bi\u00e7imlerini ve \u00e7al\u0131\u015fan yap\u0131s\u0131n\u0131 tan\u0131r, bu sebeple sizi ve ihtiya\u00e7lar\u0131n\u0131z\u0131 \u00e7ok h\u0131zl\u0131 anlar, \u00e7\u00f6z\u00fcmlerini do\u011fru yerlerde arar\u0131z.<\/p>\n<p><span class=\"mavi-yazi\">Problem \u00e7\u00f6z\u00fcc\u00fc olarak<\/span> \u00e7al\u0131\u015fmalar\u0131m\u0131zda \u00f6nemli miktarda zaman\u0131m\u0131z\u0131 m\u00fc\u015fterilerimizin <span class=\"mavi-yazi\">\u015firket organizasyon<\/span> yap\u0131lar\u0131n\u0131 incelemeye ve pozisyondan beklentilerini anlamaya \u00e7al\u0131\u015f\u0131r\u0131z. G\u00f6r\u00fc\u015fmelerimiz s\u0131ras\u0131nda hem adaylar\u0131n istekliliklerine ve tutumlar\u0131na hem de ge\u00e7mi\u015f <span class=\"mavi-yazi\">somut ba\u015far\u0131lar\u0131n\u0131n<\/span> kan\u0131tlar\u0131na odaklan\u0131r\u0131z.<\/p>\n<p><span class=\"mavi-yazi\">Adaylar taraf\u0131ndan<\/span> sorulabilecek t\u00fcm sorulara firman\u0131z\u0131 <span class=\"mavi-yazi\">\u00fcst d\u00fczeyde temsil edecek<\/span> \u015fekilde cevaplar verir ve yetene\u011fi cezbedecek \u015fekilde davran\u0131r\u0131z. \u00c7al\u0131\u015fmalar\u0131m\u0131z s\u00fcresince \u015firketinizi, piyasadaki <span class=\"mavi-yazi\">i\u015fveren marka alg\u0131s\u0131<\/span>, pozisyonun benzer \u015firketlerdeki <span class=\"mavi-yazi\">\u00fccret yap\u0131s\u0131<\/span> ve yetenekli adaylar\u0131n \u015firketinize kazand\u0131r\u0131lmas\u0131 y\u00f6n\u00fcnden s\u00fcrekli bilgilendiririz.[\/vc_column_text][\/vc_column][\/vc_row][\/vc_section]<\/p>\n","protected":false},"excerpt":{"rendered":"<p>how to write an essay introduction example https:\/\/paperhelp.nyc\/ how to write post address in english [vc_section][vc_row rt_row_background_width=&#8221;fullwidth&#8221; rt_row_content_width=&#8221;default&#8221; rt_row_style=&#8221;default-style&#8221; rt_row_height=&#8221;&#8221; rt_column_view=&#8221;equal_heights&#8221; rt_column_gaps=&#8221;&#8221; rt_row_shadows=&#8221;&#8221; rt_row_borders=&#8221;&#8221; rt_bg_effect=&#8221;classic&#8221; rt_bg_image_repeat=&#8221;repeat&#8221; rt_bg_size=&#8221;cover&#8221; rt_bg_position=&#8221;right top&#8221; rt_bg_attachment=&#8221;scroll&#8221; rt_bg_layer=&#8221;&#8221; rt_bg_video_format=&#8221;self-hosted&#8221; rt_class=&#8221;rt-8323787&#8243; rt_paddings=&#8221;0,0,,&#8221; rt_margins=&#8221;,50,,&#8221; rt_content_margins=&#8221;,,,&#8221; rt_tablet_paddings=&#8221;,,,&#8221; rt_tablet_margins=&#8221;,,,&#8221; rt_tablet_content_margins=&#8221;,,,&#8221; rt_sp_paddings=&#8221;,,,&#8221; rt_sp_margins=&#8221;,,,&#8221; rt_sp_content_margins=&#8221;,,,&#8221;][vc_column css_animation=&#8221;fadeInLeft&#8221; width=&#8221;1\/3&#8243; rt_bg_effect=&#8221;classic&#8221; rt_bg_image_repeat=&#8221;repeat&#8221; rt_bg_size=&#8221;auto auto&#8221; rt_bg_position=&#8221;right top&#8221; rt_bg_attachment=&#8221;scroll&#8221; rt_class=&#8221;rt-3834842&#8243; rt_margins=&#8221;,&#8221; rt_paddings=&#8221;35,,,&#8221; rt_wrapper_paddings=&#8221;,,,&#8221; [&hellip;]<\/p>\n","protected":false},"author":5,"featured_media":0,"parent":0,"menu_order":0,"comment_status":"closed","ping_status":"closed","template":"","meta":{"footnotes":""},"class_list":["post-968","page","type-page","status-publish","hentry"],"aioseo_notices":[],"_links":{"self":[{"href":"https:\/\/hrw.com.tr\/tr\/wp-json\/wp\/v2\/pages\/968","targetHints":{"allow":["GET"]}}],"collection":[{"href":"https:\/\/hrw.com.tr\/tr\/wp-json\/wp\/v2\/pages"}],"about":[{"href":"https:\/\/hrw.com.tr\/tr\/wp-json\/wp\/v2\/types\/page"}],"author":[{"embeddable":true,"href":"https:\/\/hrw.com.tr\/tr\/wp-json\/wp\/v2\/users\/5"}],"replies":[{"embeddable":true,"href":"https:\/\/hrw.com.tr\/tr\/wp-json\/wp\/v2\/comments?post=968"}],"version-history":[{"count":12,"href":"https:\/\/hrw.com.tr\/tr\/wp-json\/wp\/v2\/pages\/968\/revisions"}],"predecessor-version":[{"id":6174,"href":"https:\/\/hrw.com.tr\/tr\/wp-json\/wp\/v2\/pages\/968\/revisions\/6174"}],"wp:attachment":[{"href":"https:\/\/hrw.com.tr\/tr\/wp-json\/wp\/v2\/media?parent=968"}],"curies":[{"name":"wp","href":"https:\/\/api.w.org\/{rel}","templated":true}]}}