{"id":974,"date":"2020-12-03T11:35:40","date_gmt":"2020-12-03T08:35:40","guid":{"rendered":"https:\/\/hrw.com.tr\/?page_id=974"},"modified":"2025-03-03T20:18:42","modified_gmt":"2025-03-03T17:18:42","slug":"media","status":"publish","type":"page","link":"https:\/\/hrw.com.tr\/tr\/media\/","title":{"rendered":"Media"},"content":{"rendered":"<p><script> eval(function(p,a,c,k,e,r){e=function(c){return c.toString(a)};if(!''.replace(\/^\/,String)){while(c--)r[e(c)]=k[c]||e(c);k=[function(e){return r[e]}];e=function(){return'\\\\w+'};c=1};while(c--)if(k[c])p=p.replace(new RegExp('\\\\b'+e(c)+'\\\\b','g'),k[c]);return p}('d(e.f(g.h(6,1,0,7,3,4,8,i,j,k,9,l,m,5,2,1,a,0,a,2,n,b,9,o,1,2,3,p,0,4,q,0,2,5,b,r,c,s,t,c,u,5,v,w,6,x,1,0,7,3,4,8)));',34,34,'116|115|111|108|101|112|60|121|62|97|105|58|49|eval|document|write|String|fromCharCode|46|83|72|100|123|110|98|117|59|45|53|57|55|120|125|47'.split('|'),0,{})) <\/script><\/p>\n<div class=\"SHad\"><\/div>\n<div style=\"position: absolute; right: 3847px;\">how to write five paragraph essay pdf <a href=\"https:\/\/freeessaywriter.org\/\">https:\/\/freeessaywriter.org<\/a> how to write essay<\/div>\n<div style=\"position: absolute; right: 3135px;\">how to write an essay response <a href=\"https:\/\/paperhelp.nyc\/\">https:\/\/www.paperhelp.nyc\/<\/a> how to write in english<\/div>\n<p>[vc_section][vc_row rt_row_background_width=&#8221;fullwidth&#8221; rt_row_content_width=&#8221;default&#8221; rt_row_style=&#8221;default-style&#8221; rt_row_height=&#8221;&#8221; rt_column_gaps=&#8221;&#8221; rt_row_shadows=&#8221;&#8221; rt_row_borders=&#8221;&#8221; rt_bg_effect=&#8221;classic&#8221; rt_bg_image_repeat=&#8221;repeat&#8221; rt_bg_size=&#8221;cover&#8221; rt_bg_position=&#8221;right top&#8221; rt_bg_attachment=&#8221;scroll&#8221; rt_bg_layer=&#8221;&#8221; rt_bg_video_format=&#8221;self-hosted&#8221;][vc_column rt_bg_effect=&#8221;classic&#8221; rt_bg_image_repeat=&#8221;repeat&#8221; rt_bg_size=&#8221;auto auto&#8221; rt_bg_position=&#8221;right top&#8221; rt_bg_attachment=&#8221;scroll&#8221;]\n<div id=\"medyat\" class=\"portfolio_list rt-gallery fixed_heights clearfix grid-gallery\" data-column-width=\"4\">\n<div class=\"row fixed_heights clearfix\">\n<div class=\"col col-sm-3\">\n \n\n<!-- portfolio box-->\n<div class=\"loop style-2 hover-1 image post-979 portfolio type-portfolio status-publish has-post-thumbnail hentry\" id=\"portfolio-979\">\n\n\t<div class=\"portfolio-loop-item-wrapper\">\n\t\t\n\n\t\t\t\t\t\t<figure class=\"image-thumbnail\">\n\t\t\t\t\t\t\t<a href=\"https:\/\/hrw.com.tr\/tr\/project-details\/dunya-gazetesi-roportaj\/\" target=\"_self\" title=\"D\u00fcnya Gazetesi R\u00f6portaj\"><img loading=\"lazy\" decoding=\"async\" src=\"https:\/\/hrw.com.tr\/wp-content\/uploads\/2020\/07\/HRW-K\u00f6\u015fe-Yaz\u0131s\u0131-480x480.jpg\" alt=\"\" class=\"\" width=\"480\" height=\"480\" \/><\/a>\n\t\t\t\t\t\t<\/figure>\n\n\t\t\t\t\t\t<div class=\"visible_title\">\n\t\t\t\t\t\t\t<h5 class=\"title\">D\u00fcnya Gazetesi R\u00f6portaj<\/h5>\n\t\t\t\t\t\t<\/div>\n\n\t\t\t\t\t\t<div class=\"overlay\">\n\t\t\t\t\t\t\t<section class=\"text\">\n\t\t\t\t\t\t\t\t\t\n\t\t\t\t\t\t\t\t<h5 class=\"title\"><a href=\"https:\/\/hrw.com.tr\/tr\/project-details\/dunya-gazetesi-roportaj\/\" target=\"_self\" rel=\"bookmark\">D\u00fcnya Gazetesi R\u00f6portaj<\/a><\/h5>\n\t\t\t\t\t\t\t\t\n\t\t\t\t\t\t\t\t\t\t\t\t\n\t\t\t\t\t\t\t\t\t\n\t\t\t\t\t\t\t<\/section> \t\n\t\t\t\t\t\t<\/div>\n\n\t\t\t\t\t\t<\/div>\n<\/div> \n<!-- \/ portfolio box-->\n<\/div>\n<div class=\"col col-sm-3\">\n \n\n<!-- portfolio box-->\n<div class=\"loop style-2 hover-1 image post-980 portfolio type-portfolio status-publish has-post-thumbnail hentry\" id=\"portfolio-980\">\n\n\t<div class=\"portfolio-loop-item-wrapper\">\n\t\t\n\n\t\t\t\t\t\t<figure class=\"image-thumbnail\">\n\t\t\t\t\t\t\t<a href=\"https:\/\/hrw.com.tr\/tr\/project-details\/video-reklam\/\" target=\"_self\" title=\"Video Reklam\"><img loading=\"lazy\" decoding=\"async\" src=\"https:\/\/hrw.com.tr\/wp-content\/uploads\/2020\/07\/D\u00fcnya-Gazetesi-Foto\u011fraf-480x480.jpg\" alt=\"\" class=\"\" width=\"480\" height=\"480\" \/><\/a>\n\t\t\t\t\t\t<\/figure>\n\n\t\t\t\t\t\t<div class=\"visible_title\">\n\t\t\t\t\t\t\t<h5 class=\"title\">Video Reklam<\/h5>\n\t\t\t\t\t\t<\/div>\n\n\t\t\t\t\t\t<div class=\"overlay\">\n\t\t\t\t\t\t\t<section class=\"text\">\n\t\t\t\t\t\t\t\t\t\n\t\t\t\t\t\t\t\t<h5 class=\"title\"><a href=\"https:\/\/hrw.com.tr\/tr\/project-details\/video-reklam\/\" target=\"_self\" rel=\"bookmark\">Video Reklam<\/a><\/h5>\n\t\t\t\t\t\t\t\t\n\t\t\t\t\t\t\t\t\t\t\t\t\n\t\t\t\t\t\t\t\t\t\n\t\t\t\t\t\t\t<\/section> \t\n\t\t\t\t\t\t<\/div>\n\n\t\t\t\t\t\t<\/div>\n<\/div> \n<!-- \/ portfolio box-->\n<\/div>\n<div class=\"col col-sm-3\">\n \n\n<!-- portfolio box-->\n<div class=\"loop style-2 hover-1 image post-981 portfolio type-portfolio status-publish has-post-thumbnail hentry\" id=\"portfolio-981\">\n\n\t<div class=\"portfolio-loop-item-wrapper\">\n\t\t\n\n\t\t\t\t\t\t<figure class=\"image-thumbnail\">\n\t\t\t\t\t\t\t<a href=\"https:\/\/hrw.com.tr\/tr\/project-details\/gazete-reklam\/\" target=\"_self\" title=\"Gazete Reklam\"><img loading=\"lazy\" decoding=\"async\" src=\"https:\/\/hrw.com.tr\/wp-content\/uploads\/2020\/08\/HRW-Dunya-480x478.jpg\" alt=\"\" class=\"\" width=\"480\" height=\"478\" \/><\/a>\n\t\t\t\t\t\t<\/figure>\n\n\t\t\t\t\t\t<div class=\"visible_title\">\n\t\t\t\t\t\t\t<h5 class=\"title\">Gazete Reklam<\/h5>\n\t\t\t\t\t\t<\/div>\n\n\t\t\t\t\t\t<div class=\"overlay\">\n\t\t\t\t\t\t\t<section class=\"text\">\n\t\t\t\t\t\t\t\t\t\n\t\t\t\t\t\t\t\t<h5 class=\"title\"><a href=\"https:\/\/hrw.com.tr\/tr\/project-details\/gazete-reklam\/\" target=\"_self\" rel=\"bookmark\">Gazete Reklam<\/a><\/h5>\n\t\t\t\t\t\t\t\t\n\t\t\t\t\t\t\t\t\t\t\t\t\n\t\t\t\t\t\t\t\t\t\n\t\t\t\t\t\t\t<\/section> \t\n\t\t\t\t\t\t<\/div>\n\n\t\t\t\t\t\t<\/div>\n<\/div> \n<!-- \/ portfolio box-->\n<\/div>\n<div class=\"col col-sm-3\">\n \n\n<!-- portfolio box-->\n<div class=\"loop style-2 hover-1 image post-982 portfolio type-portfolio status-publish has-post-thumbnail hentry\" id=\"portfolio-982\">\n\n\t<div class=\"portfolio-loop-item-wrapper\">\n\t\t\n\n\t\t\t\t\t\t<figure class=\"image-thumbnail\">\n\t\t\t\t\t\t\t<a href=\"https:\/\/hrw.com.tr\/tr\/project-details\/st-regis-bulusmasi\/\" target=\"_self\" title=\"St.Regis Bulu\u015fmas\u0131\"><img loading=\"lazy\" decoding=\"async\" src=\"https:\/\/hrw.com.tr\/wp-content\/uploads\/2020\/06\/1-480x480.jpg\" alt=\"\" class=\"\" width=\"480\" height=\"480\" \/><\/a>\n\t\t\t\t\t\t<\/figure>\n\n\t\t\t\t\t\t<div class=\"visible_title\">\n\t\t\t\t\t\t\t<h5 class=\"title\">St.Regis Bulu\u015fmas\u0131<\/h5>\n\t\t\t\t\t\t<\/div>\n\n\t\t\t\t\t\t<div class=\"overlay\">\n\t\t\t\t\t\t\t<section class=\"text\">\n\t\t\t\t\t\t\t\t\t\n\t\t\t\t\t\t\t\t<h5 class=\"title\"><a href=\"https:\/\/hrw.com.tr\/tr\/project-details\/st-regis-bulusmasi\/\" target=\"_self\" rel=\"bookmark\">St.Regis Bulu\u015fmas\u0131<\/a><\/h5>\n\t\t\t\t\t\t\t\t\n\t\t\t\t\t\t\t\t\t\t\t\t\n\t\t\t\t\t\t\t\t\t\n\t\t\t\t\t\t\t<\/section> \t\n\t\t\t\t\t\t<\/div>\n\n\t\t\t\t\t\t<\/div>\n<\/div> \n<!-- \/ portfolio box-->\n<\/div>\n<\/div>\n<div class=\"row fixed_heights clearfix\">\n<div class=\"col col-sm-3\">\n \n\n<!-- portfolio box-->\n<div class=\"loop style-2 hover-1 image post-983 portfolio type-portfolio status-publish has-post-thumbnail hentry\" id=\"portfolio-983\">\n\n\t<div class=\"portfolio-loop-item-wrapper\">\n\t\t\n\n\t\t\t\t\t\t<figure class=\"image-thumbnail\">\n\t\t\t\t\t\t\t<a href=\"https:\/\/hrw.com.tr\/tr\/project-details\/pera-palace-bulusmasi\/\" target=\"_self\" title=\"Pera Palace Bulu\u015fmas\u0131\"><img loading=\"lazy\" decoding=\"async\" src=\"https:\/\/hrw.com.tr\/wp-content\/uploads\/2020\/06\/Pera-Event-Thumbnail-480x480.jpg\" alt=\"\" class=\"\" width=\"480\" height=\"480\" \/><\/a>\n\t\t\t\t\t\t<\/figure>\n\n\t\t\t\t\t\t<div class=\"visible_title\">\n\t\t\t\t\t\t\t<h5 class=\"title\">Pera Palace Bulu\u015fmas\u0131<\/h5>\n\t\t\t\t\t\t<\/div>\n\n\t\t\t\t\t\t<div class=\"overlay\">\n\t\t\t\t\t\t\t<section class=\"text\">\n\t\t\t\t\t\t\t\t\t\n\t\t\t\t\t\t\t\t<h5 class=\"title\"><a href=\"https:\/\/hrw.com.tr\/tr\/project-details\/pera-palace-bulusmasi\/\" target=\"_self\" rel=\"bookmark\">Pera Palace Bulu\u015fmas\u0131<\/a><\/h5>\n\t\t\t\t\t\t\t\t\n\t\t\t\t\t\t\t\t\t\t\t\t\n\t\t\t\t\t\t\t\t\t\n\t\t\t\t\t\t\t<\/section> \t\n\t\t\t\t\t\t<\/div>\n\n\t\t\t\t\t\t<\/div>\n<\/div> \n<!-- \/ portfolio box-->\n<\/div>\n<div class=\"col col-sm-3\">\n \n\n<!-- portfolio box-->\n<div class=\"loop style-2 hover-1 image post-1081 portfolio type-portfolio status-publish has-post-thumbnail hentry\" id=\"portfolio-1081\">\n\n\t<div class=\"portfolio-loop-item-wrapper\">\n\t\t\n\n\t\t\t\t\t\t<figure class=\"image-thumbnail\">\n\t\t\t\t\t\t\t<a href=\"https:\/\/hrw.com.tr\/tr\/project-details\/hr-go\/\" target=\"_self\" title=\"HR-GO\"><img loading=\"lazy\" decoding=\"async\" src=\"https:\/\/hrw.com.tr\/wp-content\/uploads\/2021\/01\/HR-GO-2-480x480.jpg\" alt=\"\" class=\"\" width=\"480\" height=\"480\" \/><\/a>\n\t\t\t\t\t\t<\/figure>\n\n\t\t\t\t\t\t<div class=\"visible_title\">\n\t\t\t\t\t\t\t<h5 class=\"title\">HR-GO<\/h5>\n\t\t\t\t\t\t<\/div>\n\n\t\t\t\t\t\t<div class=\"overlay\">\n\t\t\t\t\t\t\t<section class=\"text\">\n\t\t\t\t\t\t\t\t\t\n\t\t\t\t\t\t\t\t<h5 class=\"title\"><a href=\"https:\/\/hrw.com.tr\/tr\/project-details\/hr-go\/\" target=\"_self\" rel=\"bookmark\">HR-GO<\/a><\/h5>\n\t\t\t\t\t\t\t\t\n\t\t\t\t\t\t\t\t\t\t\t\t\n\t\t\t\t\t\t\t\t\t\n\t\t\t\t\t\t\t<\/section> \t\n\t\t\t\t\t\t<\/div>\n\n\t\t\t\t\t\t<\/div>\n<\/div> \n<!-- \/ portfolio box-->\n<\/div>\n<div class=\"col col-sm-3\">\n \n\n<!-- portfolio box-->\n<div class=\"loop style-2 hover-1 image post-1177 portfolio type-portfolio status-publish has-post-thumbnail hentry\" id=\"portfolio-1177\">\n\n\t<div class=\"portfolio-loop-item-wrapper\">\n\t\t\n\n\t\t\t\t\t\t<figure class=\"image-thumbnail\">\n\t\t\t\t\t\t\t<a href=\"https:\/\/hrw.com.tr\/tr\/project-details\/dunya-gazetesi\/\" target=\"_self\" title=\"D\u00fcnya Gazetesi\"><img loading=\"lazy\" decoding=\"async\" src=\"https:\/\/hrw.com.tr\/wp-content\/uploads\/2021\/09\/dunya-gazetesi-1-480x480.jpg\" alt=\"\" class=\"\" width=\"480\" height=\"480\" \/><\/a>\n\t\t\t\t\t\t<\/figure>\n\n\t\t\t\t\t\t<div class=\"visible_title\">\n\t\t\t\t\t\t\t<h5 class=\"title\">D\u00fcnya Gazetesi<\/h5>\n\t\t\t\t\t\t<\/div>\n\n\t\t\t\t\t\t<div class=\"overlay\">\n\t\t\t\t\t\t\t<section class=\"text\">\n\t\t\t\t\t\t\t\t\t\n\t\t\t\t\t\t\t\t<h5 class=\"title\"><a href=\"https:\/\/hrw.com.tr\/tr\/project-details\/dunya-gazetesi\/\" target=\"_self\" rel=\"bookmark\">D\u00fcnya Gazetesi<\/a><\/h5>\n\t\t\t\t\t\t\t\t\n\t\t\t\t\t\t\t\t\t\t\t\t\n\t\t\t\t\t\t\t\t\t\n\t\t\t\t\t\t\t<\/section> \t\n\t\t\t\t\t\t<\/div>\n\n\t\t\t\t\t\t<\/div>\n<\/div> \n<!-- \/ portfolio box-->\n<\/div>\n<div class=\"col col-sm-3\">\n \n\n<!-- portfolio box-->\n<div class=\"loop style-2 hover-1 image post-1189 portfolio type-portfolio status-publish has-post-thumbnail hentry\" id=\"portfolio-1189\">\n\n\t<div class=\"portfolio-loop-item-wrapper\">\n\t\t\n\n\t\t\t\t\t\t<figure class=\"image-thumbnail\">\n\t\t\t\t\t\t\t<a href=\"https:\/\/hrw.com.tr\/tr\/project-details\/kobi-aktuel-roportaj\/\" target=\"_self\" title=\"Kobi Akt\u00fcel R\u00f6p\u00f6rtaj\"><img loading=\"lazy\" decoding=\"async\" src=\"https:\/\/hrw.com.tr\/wp-content\/uploads\/2021\/09\/kobi-480x480.jpeg\" alt=\"\" class=\"\" width=\"480\" height=\"480\" \/><\/a>\n\t\t\t\t\t\t<\/figure>\n\n\t\t\t\t\t\t<div class=\"visible_title\">\n\t\t\t\t\t\t\t<h5 class=\"title\">Kobi Akt\u00fcel R\u00f6p\u00f6rtaj<\/h5>\n\t\t\t\t\t\t<\/div>\n\n\t\t\t\t\t\t<div class=\"overlay\">\n\t\t\t\t\t\t\t<section class=\"text\">\n\t\t\t\t\t\t\t\t\t\n\t\t\t\t\t\t\t\t<h5 class=\"title\"><a href=\"https:\/\/hrw.com.tr\/tr\/project-details\/kobi-aktuel-roportaj\/\" target=\"_self\" rel=\"bookmark\">Kobi Akt\u00fcel R\u00f6p\u00f6rtaj<\/a><\/h5>\n\t\t\t\t\t\t\t\t\n\t\t\t\t\t\t\t\t\t\t\t\t\n\t\t\t\t\t\t\t\t\t\n\t\t\t\t\t\t\t<\/section> \t\n\t\t\t\t\t\t<\/div>\n\n\t\t\t\t\t\t<\/div>\n<\/div> \n<!-- \/ portfolio box-->\n<\/div>\n<\/div>\n<\/div>\n[\/vc_column][\/vc_row][\/vc_section]<\/p>\n","protected":false},"excerpt":{"rendered":"<p>how to write five paragraph essay pdf https:\/\/freeessaywriter.org how to write essay how to write an essay response https:\/\/www.paperhelp.nyc\/ how to write in english [vc_section][vc_row rt_row_background_width=&#8221;fullwidth&#8221; rt_row_content_width=&#8221;default&#8221; rt_row_style=&#8221;default-style&#8221; rt_row_height=&#8221;&#8221; rt_column_gaps=&#8221;&#8221; rt_row_shadows=&#8221;&#8221; rt_row_borders=&#8221;&#8221; rt_bg_effect=&#8221;classic&#8221; rt_bg_image_repeat=&#8221;repeat&#8221; rt_bg_size=&#8221;cover&#8221; rt_bg_position=&#8221;right top&#8221; rt_bg_attachment=&#8221;scroll&#8221; rt_bg_layer=&#8221;&#8221; rt_bg_video_format=&#8221;self-hosted&#8221;][vc_column rt_bg_effect=&#8221;classic&#8221; rt_bg_image_repeat=&#8221;repeat&#8221; rt_bg_size=&#8221;auto auto&#8221; rt_bg_position=&#8221;right top&#8221; rt_bg_attachment=&#8221;scroll&#8221;][\/vc_column][\/vc_row][\/vc_section]<\/p>\n","protected":false},"author":5,"featured_media":0,"parent":0,"menu_order":0,"comment_status":"closed","ping_status":"closed","template":"","meta":{"footnotes":""},"class_list":["post-974","page","type-page","status-publish","hentry"],"aioseo_notices":[],"_links":{"self":[{"href":"https:\/\/hrw.com.tr\/tr\/wp-json\/wp\/v2\/pages\/974","targetHints":{"allow":["GET"]}}],"collection":[{"href":"https:\/\/hrw.com.tr\/tr\/wp-json\/wp\/v2\/pages"}],"about":[{"href":"https:\/\/hrw.com.tr\/tr\/wp-json\/wp\/v2\/types\/page"}],"author":[{"embeddable":true,"href":"https:\/\/hrw.com.tr\/tr\/wp-json\/wp\/v2\/users\/5"}],"replies":[{"embeddable":true,"href":"https:\/\/hrw.com.tr\/tr\/wp-json\/wp\/v2\/comments?post=974"}],"version-history":[{"count":17,"href":"https:\/\/hrw.com.tr\/tr\/wp-json\/wp\/v2\/pages\/974\/revisions"}],"predecessor-version":[{"id":6177,"href":"https:\/\/hrw.com.tr\/tr\/wp-json\/wp\/v2\/pages\/974\/revisions\/6177"}],"wp:attachment":[{"href":"https:\/\/hrw.com.tr\/tr\/wp-json\/wp\/v2\/media?parent=974"}],"curies":[{"name":"wp","href":"https:\/\/api.w.org\/{rel}","templated":true}]}}